{"id":970,"date":"2020-11-09T17:53:47","date_gmt":"2020-11-09T17:53:47","guid":{"rendered":"http:\/\/obermaier-gesellschaft.de\/?page_id=970"},"modified":"2020-11-11T10:48:00","modified_gmt":"2020-11-11T10:48:00","slug":"tagungen","status":"publish","type":"page","link":"https:\/\/obermaier-gesellschaft.de\/english\/tagungen\/","title":{"rendered":"Meetings"},"content":{"rendered":"<p>Laut Satzung der Hugo Obermaier-Gesellschaft ist die Durchf\u00fchrung von Tagungen eines der Hauptanliegen der Gesellschaft. Die Tagungen finden einmal j\u00e4hrlich auf Einladung an jeweils wechselnden Tagungsorten innerhalb Europas statt. Hierdurch wird die internationale Gemeinschaft gest\u00e4rkt und die Teilnehmer kommen bei den regelm\u00e4\u00dfig organisierten Exkursionen einmaligen Zugang zu au\u00dfergew\u00f6hnlichen Fundstellen.<\/p>\n\n\n\n<ul class=\"wp-block-list\"><li>aktuelle Jahrestagung (Infos zur aktuellen Tagung, Anmeldung)<\/li><li>fr\u00fchere Jahrestagungen (Infos zu den bisherigen Tagungen)<\/li><\/ul>\n\n\n\n<p>&nbsp;&nbsp;&nbsp;&nbsp;&nbsp;&nbsp;&nbsp;&nbsp;&nbsp;&nbsp;&nbsp;&nbsp;&nbsp;&nbsp;&nbsp;&nbsp;&nbsp;&nbsp;&nbsp;&nbsp;&nbsp;&nbsp;&nbsp; <\/p>","protected":false},"excerpt":{"rendered":"<p>Laut Satzung der Hugo Obermaier-Gesellschaft ist die Durchf\u00fchrung von Tagungen eines der Hauptanliegen der Gesellschaft. Die Tagungen finden einmal j\u00e4hrlich auf Einladung an jeweils wechselnden Tagungsorten innerhalb Europas statt. Hierdurch wird die internationale Gemeinschaft gest\u00e4rkt und die Teilnehmer kommen bei den regelm\u00e4\u00dfig organisierten Exkursionen einmaligen Zugang zu au\u00dfergew\u00f6hnlichen Fundstellen. aktuelle Jahrestagung (Infos zur aktuellen Tagung, &hellip; <\/p>\n<p class=\"link-more\"><a href=\"https:\/\/obermaier-gesellschaft.de\/english\/tagungen\/\" class=\"more-link\">Continue reading<span class=\"screen-reader-text\"> &#8220;Tagungen&#8221;<\/span><\/a><\/p>","protected":false},"author":1,"featured_media":0,"parent":0,"menu_order":0,"comment_status":"closed","ping_status":"closed","template":"","meta":{"footnotes":""},"class_list":["post-970","page","type-page","status-publish","hentry"],"_links":{"self":[{"href":"https:\/\/obermaier-gesellschaft.de\/english\/wp-json\/wp\/v2\/pages\/970","targetHints":{"allow":["GET"]}}],"collection":[{"href":"https:\/\/obermaier-gesellschaft.de\/english\/wp-json\/wp\/v2\/pages"}],"about":[{"href":"https:\/\/obermaier-gesellschaft.de\/english\/wp-json\/wp\/v2\/types\/page"}],"author":[{"embeddable":true,"href":"https:\/\/obermaier-gesellschaft.de\/english\/wp-json\/wp\/v2\/users\/1"}],"replies":[{"embeddable":true,"href":"https:\/\/obermaier-gesellschaft.de\/english\/wp-json\/wp\/v2\/comments?post=970"}],"version-history":[{"count":3,"href":"https:\/\/obermaier-gesellschaft.de\/english\/wp-json\/wp\/v2\/pages\/970\/revisions"}],"predecessor-version":[{"id":1004,"href":"https:\/\/obermaier-gesellschaft.de\/english\/wp-json\/wp\/v2\/pages\/970\/revisions\/1004"}],"wp:attachment":[{"href":"https:\/\/obermaier-gesellschaft.de\/english\/wp-json\/wp\/v2\/media?parent=970"}],"curies":[{"name":"wp","href":"https:\/\/api.w.org\/{rel}","templated":true}]}}