{"id":963,"date":"2020-11-09T17:10:27","date_gmt":"2020-11-09T17:10:27","guid":{"rendered":"http:\/\/obermaier-gesellschaft.de\/?page_id=963"},"modified":"2020-11-09T17:10:28","modified_gmt":"2020-11-09T17:10:28","slug":"quartaer-3","status":"publish","type":"page","link":"https:\/\/obermaier-gesellschaft.de\/english\/quartaer-3\/","title":{"rendered":"Quart\u00e4r"},"content":{"rendered":"<p>Seit \u00fcber 50 Jahren wird die Zeitschrift\u00a0<em>Quart\u00e4r<\/em>\u00a0von der &#8220;Hugo Obermaier-Gesellschaft f\u00fcr Erforschung des Eiszeitalters und der Steinzeit e.V.&#8221; herausgegeben. Die Gesellschaft ist seit ihrer Gr\u00fcndung der interdisziplin\u00e4ren Erforschung des Quart\u00e4rs eng verbunden und mit ihrer Zeitschrift \u00fcberregional pr\u00e4sent. Mit Band 55 \u00fcbernimmt ein neues Gremium die Herausgabe, das unter Wahrung dieser Traditionen\u00a0<em>Quart\u00e4r<\/em>\u00a0zu einem der ma\u00dfgeblichen europ\u00e4ischen Publikationsorgane in der arch\u00e4ologisch orientierten\u00a0<em>Quart\u00e4r<\/em>forschung weiter entwickeln soll.<\/p>\n\n\n\n<h3 class=\"wp-block-heading\">Thematisch-geographische Ausrichtung<\/h3>\n\n\n\n<p><em>Quart\u00e4r<\/em>&nbsp;ver\u00f6ffentlicht Beitr\u00e4ge in deutscher und englischer Sprache zur pleistoz\u00e4nen und fr\u00fchen holoz\u00e4nen Arch\u00e4ologie und \u00d6kologie. Damit liegt der thematische Schwerpunkt auf den Sammler-J\u00e4ger-Fischergemeinschaften des Pal\u00e4olithikums und Mesolithikums und ihren \u00f6kologischen Rahmenbedingungen, wobei auch die Phase der Neolithisierung einbezogen wird. Neben der Vorlage von wichtigen neuen Funden, Daten, Ergebnissen und Interpretationen sind auch Artikel mit \u00dcbersichts- und Review-Charakter m\u00f6glich. Ebenso sind Buchbesprechungen vorgesehen.<\/p>\n\n\n\n<p>Geographisch bildet Europa einen Schwerpunkt. Dabei m\u00f6chte&nbsp;<em>Quart\u00e4r<\/em>&nbsp;mit seinen mitteleurop\u00e4ischen Wurzeln auch eine geographische Br\u00fcckenfunktion einnehmen und den Dialog in der&nbsp;<em>Quart\u00e4r<\/em>forschung zwischen Ost- und West f\u00f6rdern. Auch au\u00dfereurop\u00e4ische Beitr\u00e4ge sind willkommen, insbesondere wenn sie neue, wichtige Ergebnisse in einem \u00fcberregionalen Kontext darstellen<\/p>","protected":false},"excerpt":{"rendered":"<p>Seit \u00fcber 50 Jahren wird die Zeitschrift\u00a0Quart\u00e4r\u00a0von der &#8220;Hugo Obermaier-Gesellschaft f\u00fcr Erforschung des Eiszeitalters und der Steinzeit e.V.&#8221; herausgegeben. Die Gesellschaft ist seit ihrer Gr\u00fcndung der interdisziplin\u00e4ren Erforschung des Quart\u00e4rs eng verbunden und mit ihrer Zeitschrift \u00fcberregional pr\u00e4sent. Mit Band 55 \u00fcbernimmt ein neues Gremium die Herausgabe, das unter Wahrung dieser Traditionen\u00a0Quart\u00e4r\u00a0zu einem der ma\u00dfgeblichen &hellip; <\/p>\n<p class=\"link-more\"><a href=\"https:\/\/obermaier-gesellschaft.de\/english\/quartaer-3\/\" class=\"more-link\">Continue reading<span class=\"screen-reader-text\"> &#8220;Quart\u00e4r&#8221;<\/span><\/a><\/p>","protected":false},"author":1,"featured_media":0,"parent":0,"menu_order":0,"comment_status":"closed","ping_status":"closed","template":"","meta":{"footnotes":""},"class_list":["post-963","page","type-page","status-publish","hentry"],"_links":{"self":[{"href":"https:\/\/obermaier-gesellschaft.de\/english\/wp-json\/wp\/v2\/pages\/963","targetHints":{"allow":["GET"]}}],"collection":[{"href":"https:\/\/obermaier-gesellschaft.de\/english\/wp-json\/wp\/v2\/pages"}],"about":[{"href":"https:\/\/obermaier-gesellschaft.de\/english\/wp-json\/wp\/v2\/types\/page"}],"author":[{"embeddable":true,"href":"https:\/\/obermaier-gesellschaft.de\/english\/wp-json\/wp\/v2\/users\/1"}],"replies":[{"embeddable":true,"href":"https:\/\/obermaier-gesellschaft.de\/english\/wp-json\/wp\/v2\/comments?post=963"}],"version-history":[{"count":1,"href":"https:\/\/obermaier-gesellschaft.de\/english\/wp-json\/wp\/v2\/pages\/963\/revisions"}],"predecessor-version":[{"id":965,"href":"https:\/\/obermaier-gesellschaft.de\/english\/wp-json\/wp\/v2\/pages\/963\/revisions\/965"}],"wp:attachment":[{"href":"https:\/\/obermaier-gesellschaft.de\/english\/wp-json\/wp\/v2\/media?parent=963"}],"curies":[{"name":"wp","href":"https:\/\/api.w.org\/{rel}","templated":true}]}}