{"id":948,"date":"2020-11-09T16:48:43","date_gmt":"2020-11-09T16:48:43","guid":{"rendered":"http:\/\/obermaier-gesellschaft.de\/?page_id=948"},"modified":"2020-11-09T16:54:50","modified_gmt":"2020-11-09T16:54:50","slug":"gesellschaft","status":"publish","type":"page","link":"https:\/\/obermaier-gesellschaft.de\/english\/gesellschaft\/","title":{"rendered":"Society"},"content":{"rendered":"<p>The Hugo Obermaier-Gesellschaft f\u00fcr Erforschung des Eiszeitalters und der Steinzeit e.V. (Hugo Obermaier Society for Quaternary Research and Archaeology of the Stone Age) is a non-profit association founded in 1951 and dedicated to the archaeology of the Stone Age, especially the cultures of the Palaeolithic and Mesolithic. The society bears the name in honour of Hugo Obermaier (1877-1946), a German prehistorian who was one of the first European Stone Age researchers in the first half of the 20th century.<\/p>","protected":false},"excerpt":{"rendered":"<p>Die Hugo Obermaier-Gesellschaft f\u00fcr Erforschung des Eiszeitalters und der Steinzeit e.V. ist ein 1951 gegr\u00fcndeter gemeinn\u00fctziger Verein, der sich der Arch\u00e4ologie der Steinzeit, insbesondere der Kulturen des Pal\u00e4olithikums und Mesolithikums verschrieben hat. Die Gesellschaft tr\u00e4gt den Namen zu Ehren von Hugo Obermaier (1877\u20131946), der als deutscher Pr\u00e4historiker in der ersten H\u00e4lfte des 20. Jahrhunderts einer &hellip; <\/p>\n<p class=\"link-more\"><a href=\"https:\/\/obermaier-gesellschaft.de\/english\/gesellschaft\/\" class=\"more-link\">Continue reading<span class=\"screen-reader-text\"> &#8220;Gesellschaft&#8221;<\/span><\/a><\/p>","protected":false},"author":1,"featured_media":0,"parent":0,"menu_order":0,"comment_status":"closed","ping_status":"closed","template":"","meta":{"footnotes":""},"class_list":["post-948","page","type-page","status-publish","hentry"],"_links":{"self":[{"href":"https:\/\/obermaier-gesellschaft.de\/english\/wp-json\/wp\/v2\/pages\/948","targetHints":{"allow":["GET"]}}],"collection":[{"href":"https:\/\/obermaier-gesellschaft.de\/english\/wp-json\/wp\/v2\/pages"}],"about":[{"href":"https:\/\/obermaier-gesellschaft.de\/english\/wp-json\/wp\/v2\/types\/page"}],"author":[{"embeddable":true,"href":"https:\/\/obermaier-gesellschaft.de\/english\/wp-json\/wp\/v2\/users\/1"}],"replies":[{"embeddable":true,"href":"https:\/\/obermaier-gesellschaft.de\/english\/wp-json\/wp\/v2\/comments?post=948"}],"version-history":[{"count":3,"href":"https:\/\/obermaier-gesellschaft.de\/english\/wp-json\/wp\/v2\/pages\/948\/revisions"}],"predecessor-version":[{"id":952,"href":"https:\/\/obermaier-gesellschaft.de\/english\/wp-json\/wp\/v2\/pages\/948\/revisions\/952"}],"wp:attachment":[{"href":"https:\/\/obermaier-gesellschaft.de\/english\/wp-json\/wp\/v2\/media?parent=948"}],"curies":[{"name":"wp","href":"https:\/\/api.w.org\/{rel}","templated":true}]}}