{"id":876,"date":"2020-11-08T14:56:53","date_gmt":"2020-11-08T14:56:53","guid":{"rendered":"http:\/\/obermaier-gesellschaft.de\/?page_id=876"},"modified":"2020-12-14T11:24:42","modified_gmt":"2020-12-14T11:24:42","slug":"weitere-quellen","status":"publish","type":"page","link":"https:\/\/obermaier-gesellschaft.de\/english\/weitere-quellen\/","title":{"rendered":"Documents from other Collections"},"content":{"rendered":"<p>In addition to the archives of the Hugo Obermaier-Society, there are other external collections containing important documents on the life and work of Hugo Obermaier.<\/p>\n\n\n\n<h2 class=\"wp-block-heading\">Collection of the Family Blanc<\/h2>\n\n\n\n<p>Pictures of the Collection<\/p>\n\n\n\n<div id=\"zentrierenff\">\t\n <div id=\"buehnearchiv\">            \n<div id=\"inhalt\">\n\t\t\t<ul id=\"photos\">\n\t\t\t\t<li> \n\t\t\t\t<a rel=\"Photo Series\" href=\"\/photos\/blanc\/Obermaier_and_Breuil_at_the_site_Arnalo_dei_Bufali.jpg\">\n\t\t\t\t<img decoding=\"async\" src=\"\/photos\/blanc\/Obermaier_and_Breuil_at_the_site_Arnalo_dei_Bufalikl.jpg\" title=\"\" alt=\"\"><\/a>\n\t\t\t\t<\/li>\n\t\t\t\t<li> \n\t\t\t\t<a rel=\"Photo Series\" href=\"\/photos\/blanc\/Fossellone_1.jpg\">\n\t\t\t\t<img decoding=\"async\" src=\"\/photos\/blanc\/Fossellone_1kl.jpg\" title=\"\" alt=\"\"><\/a>\n\t\t\t\t<\/li>\n\t\t\t\t<li> \n\t\t\t\t<a rel=\"Photo Series\" href=\"\/photos\/blanc\/Fossellone_2.jpg\">\n\t\t\t\t<img decoding=\"async\" src=\"\/photos\/blanc\/Fossellone_2kl.jpg\" title=\"\" alt=\"\"><\/a>\n\t\t\t\t<\/li>\n\t\t\t\t<li> \n\t\t\t\t<a rel=\"Photo Series\" href=\"\/photos\/blanc\/Fossellone_3.jpg\">\n\t\t\t\t<img decoding=\"async\" src=\"\/photos\/blanc\/Fossellone_3kl.jpg\" title=\"\" alt=\"\"><\/a>\n\t\t\t\t<\/li>\n\t\t\t\t<li> \n\t\t\t\t<a rel=\"Photo Series\" href=\"\/photos\/blanc\/Fossellone_4.jpg\">\n\t\t\t\t<img decoding=\"async\" src=\"\/photos\/blanc\/Fossellone_4rkl.jpg\" title=\"\" alt=\"\"><\/a>\n\t\t\t\t<\/li>\n\t\t\t\t<li> \n\t\t\t\t<a rel=\"Photo Series\" href=\"\/photos\/blanc\/Fossellone_5.jpg\">\n\t\t\t\t<img decoding=\"async\" src=\"\/photos\/blanc\/Fossellone_5kl.jpg\" title=\"\" alt=\"\"><\/a>\n\t\t\t\t<\/li>\n\t\t\t\t<li> \n\t\t\t\t<a rel=\"Photo Series\" href=\"\/photos\/blanc\/Grotta_Capre_1.jpg\">\n\t\t\t\t<img decoding=\"async\" src=\"\/photos\/blanc\/Grotta_Capre_1kl.jpg\" title=\"\" alt=\"\"><\/a>\n\t\t\t\t<\/li>\n\t\t\t\t<li> \n\t\t\t\t<a rel=\"Photo Series\" href=\"\/photos\/blanc\/Grotta_Capre_2.jpg\">\n\t\t\t\t<img decoding=\"async\" src=\"\/photos\/blanc\/Grotta_Capre_2kl.jpg\" title=\"\" alt=\"\"><\/a>\n\t\t\t\t<\/li>\n\t\t\t\t\n\t\t\t\t<li> \n\t\t\t\t<a rel=\"Photo Series\" href=\"\/photos\/blanc\/Grotta_Capre_4.jpg\">\n\t\t\t\t<img decoding=\"async\" src=\"\/photos\/blanc\/Grotta_Capre_4kl.jpg\" title=\"\" alt=\"\"><\/a>\n\t\t\t\t<\/li>\n\t\t\t\t<li> \n\t\t\t\t<a rel=\"Photo Series\" href=\"\/photos\/blanc\/Grotta_Capre_5.jpg\">\n\t\t\t\t<img decoding=\"async\" src=\"\/photos\/blanc\/Grotta_Capre_5kl.jpg\" title=\"\" alt=\"\"><\/a>\n\t\t\t\t<\/li>\n\t\t\t\t<li> \n\t\t\t\t<a rel=\"Photo Series\" href=\"\/photos\/blanc\/Grotta_Capre_6.jpg\">\n\t\t\t\t<img decoding=\"async\" src=\"\/photos\/blanc\/Grotta_Capre_6kl.jpg\" title=\"\" alt=\"\"><\/a>\n\t\t\t\t<\/li>\n\t\t\t\t<li> \n\t\t\t\t<a rel=\"Photo Series\" href=\"\/photos\/blanc\/Obermaier_at_Arnalo_dei_Bufali_1936-1939.jpg\">\n\t\t\t\t<img decoding=\"async\" src=\"\/photos\/blanc\/Obermaier_at_Arnalo_dei_Bufali_1936-1939kl.jpg\" title=\"\" alt=\"\"><\/a>\n\t\t\t\t<\/li>\n\n\n\t\t\t<\/ul>\n<p>Images with courtesy of the Blanc family.<\/p>\t\n\t\t<\/div>\n\t<\/div>\n<\/div>\n\n<div id=\"aOverlay\" title=\"Click to Close\" style=\"opacity: 0;\"><\/div>\n<div id=\"aBox\" style=\"opacity: 0; left: 333px; top: 453.984px; display: none;\">\n<div id=\"aImgHolder\"><img id=\"aImg\" style=\"opacity: 0; visibility: hidden;\"><\/div>\n\n<div id=\"aBoxMeta\"><h1 id=\"aInfoTitle\"><\/h1><a id=\"aNextButton\" href=\"#next\" class=\"aButton\"><\/a><a id=\"aPrevButton\" href=\"#prev\" class=\"aButton\"><\/a><a id=\"aCloseButton\" href=\"\/english\/.\/\" class=\"aButton\"><\/a><p id=\"aCount\" style=\"opacity: 0;\"><\/p><p id=\"aInfo\"><\/p><\/div><\/div>\n<img decoding=\"async\" id=\"aLoadImg\" src=\"\/images\/aBox-loading.gif\" style=\"opacity: 0;\">\n\n\n\n<h2 class=\"wp-block-heading\">Collection of the Association Louis B\u00e9gou\u00ebn<\/h2>\n\n\n\n<p>Briefe von Hugo Obermaier an Emile Cartailhac (1845-1921)<\/p>\n\n\n\n<p>1882 war Emile Cartailhac der erste, der pr\u00e4historische Arch\u00e4ologie in Frankreich lehrte, zun\u00e4chst an der Naturwissenschaftlichen Fakult\u00e4t in Toulouse und 1890 an der Philosophischen Fakult\u00e4t. Eine seiner am h\u00e4ufigsten zitierten Werke ist sicherlich der 1902 erschiene Artikel mit dem Titel \u201aLes cavernes orn\u00e9es de dessins. La grotte d\u2019Altamira, Espagne. \u00ab&nbsp;Mea culpa&nbsp;\u00bb d\u2019un sceptique&nbsp;\u00bb\u2018 in dem er seinen Irrtum bei der Akzeptanz der Authentizit\u00e4t der pr\u00e4historischen Felsbilder von Altamira erkl\u00e4rt (<em>L&#8217;Anthropologie<\/em>, 13,\u200e 1902: 348-354).<\/p>\n\n\n\n<p>Die Briefe und Postkarten von Obermaier an Cartailhac datieren aus der Zeit vom 26. August 1905 bis 4. Juli 1910. Es sind die ersten Jahre nach der Promotion Obermaiers (1904) \u00fcber die Verbreitung des Menschen w\u00e4hrend des Eiszeitalters in Mitteleuropa. In den Briefen und Postkarten erl\u00e4utert Obermaier konkrete Inhalte seiner geologischen und arch\u00e4ologischen Forschungen. Leider ist der Verbleib der Antwortschreiben von Cartailhac unbekannt. Anfang des 20. Jahrhunderts war die Post die einfachste Art des fachlichen Austauschs. Fernsprecher waren zu dieser Zeit noch nicht so weit verbreitet.<\/p>\n\n\n\n<p>Die Dokumente stammen aus dem Nachlass von Cartailhac der jetzt im Besitz der Association Louis B\u00e9gou\u00ebn ist. Sie wurden in die Tolosana, die digitale Bibliothek des Kulturerbes der Universit\u00e4ten von Toulouse, eingepflegt und sind dort auch in digitaler Form zug\u00e4nglich.<\/p>\n\n\n\n<p>Link zu den <a href=\"https:\/\/tolosana.univ-toulouse.fr\/fr\/recherche\/solr\/Obermaier\">Briefen der Association Louis B\u00e9gou\u00ebn<\/a>. <\/p>\n\n\n\n<h2 class=\"wp-block-heading\">Weitere Quellen<\/h2>\n\n\n\n<p><em><a href=\"\/pdfs\/organisation\/CAP_6_HERMILIO.pdf\">Hermilio Alcalde del R\u00edo y su labor como paleoetn\u00f3logo<\/a><\/em><\/p>\n\n\n\n<p><a href=\"\/pdfs\/organisation\/alejandro_mena.pdf\">Algunos datos in\u00e9ditos sobre Alejandro Mena Garay<\/a><\/p>","protected":false},"excerpt":{"rendered":"<p>Neben dem Archiv der Hugo Obermaier-Gesellschaft existieren weitere externe Sammlungen, in denen sich wichtige Dokumente \u00fcber das Leben und Wirken Hugo Obermaiers befinden. Sammlung der Familie Blanc Bilder der Sammlung Bilder mit freundlicher Genehmigung der Familie Blanc. Sammlung der Association Louis B\u00e9gou\u00ebn Briefe von Hugo Obermaier an Emile Cartailhac (1845-1921) 1882 war Emile Cartailhac der &hellip; <\/p>\n<p class=\"link-more\"><a href=\"https:\/\/obermaier-gesellschaft.de\/english\/weitere-quellen\/\" class=\"more-link\">Continue reading<span class=\"screen-reader-text\"> &#8220;Dokumente anderer Sammlungen&#8221;<\/span><\/a><\/p>","protected":false},"author":1,"featured_media":0,"parent":0,"menu_order":0,"comment_status":"closed","ping_status":"closed","template":"","meta":{"footnotes":""},"class_list":["post-876","page","type-page","status-publish","hentry"],"_links":{"self":[{"href":"https:\/\/obermaier-gesellschaft.de\/english\/wp-json\/wp\/v2\/pages\/876","targetHints":{"allow":["GET"]}}],"collection":[{"href":"https:\/\/obermaier-gesellschaft.de\/english\/wp-json\/wp\/v2\/pages"}],"about":[{"href":"https:\/\/obermaier-gesellschaft.de\/english\/wp-json\/wp\/v2\/types\/page"}],"author":[{"embeddable":true,"href":"https:\/\/obermaier-gesellschaft.de\/english\/wp-json\/wp\/v2\/users\/1"}],"replies":[{"embeddable":true,"href":"https:\/\/obermaier-gesellschaft.de\/english\/wp-json\/wp\/v2\/comments?post=876"}],"version-history":[{"count":27,"href":"https:\/\/obermaier-gesellschaft.de\/english\/wp-json\/wp\/v2\/pages\/876\/revisions"}],"predecessor-version":[{"id":1560,"href":"https:\/\/obermaier-gesellschaft.de\/english\/wp-json\/wp\/v2\/pages\/876\/revisions\/1560"}],"wp:attachment":[{"href":"https:\/\/obermaier-gesellschaft.de\/english\/wp-json\/wp\/v2\/media?parent=876"}],"curies":[{"name":"wp","href":"https:\/\/api.w.org\/{rel}","templated":true}]}}