{"id":80,"date":"2020-08-06T14:25:09","date_gmt":"2020-08-06T14:25:09","guid":{"rendered":"http:\/\/obermaier-gesellschaft.de\/?page_id=80"},"modified":"2021-03-15T12:20:28","modified_gmt":"2021-03-15T12:20:28","slug":"bildarchiv","status":"publish","type":"page","link":"https:\/\/obermaier-gesellschaft.de\/english\/bildarchiv\/","title":{"rendered":"Hugo Obermaier-Archive"},"content":{"rendered":"<p>The archive with photographs and documents represents the life and work of Hugo Obermaier. To expand it, we are very grateful for information on the whereabouts of documents and photographs.<\/p>\n\n\n\n<p>If used, please cite the following source: Hugo Obermaier Archive, c\/o Institute for Prehistory and Early History, University of Erlangen<\/p>\n\n\n\n<p>Navigate to:<\/p>\n\n\n\n<p><a href=\"http:\/\/obermaier-gesellschaft.de\/english\/bildarchiv\/hugo-obermaier-archiv-1877-1920\/\">1877-1920<\/a> || <a href=\"http:\/\/obermaier-gesellschaft.de\/english\/hugo-obermaier-archiv-1921-1935\/\">1921-1935<\/a>  ||<a href=\"http:\/\/obermaier-gesellschaft.de\/english\/bildarchiv\/hugo-obermaier-archiv-1936-1946\/\">1936-1946<\/a> || <a href=\"http:\/\/obermaier-gesellschaft.de\/english\/bildarchiv\/hugo-obermaier-archiv-Diplome-und-Mitgliedsurkunden\/\">Diplomas and Membership Certificates<\/a> || <a href=\"http:\/\/obermaier-gesellschaft.de\/english\/bildarchiv\/hugo-obermaier-archiv-High-Resolution-Photos\/\">High Resolution Photos (JPG)<\/a><\/p>","protected":false},"excerpt":{"rendered":"<p>Das Archiv mit Fotos und Dokumenten repr\u00e4sentiert das Leben und Wirken Hugo Obermaiers. Zur Erweiterung sind wir f\u00fcr Informationen \u00fcber den Verbleib von Dokumenten und Fotografien sehr dankbar. Bei Verwendung bitte die folgende Quelle angeben: Hugo Obermaier-Archiv, c\/o Institut f\u00fcr Ur- und Fr\u00fchgeschichte, Universit\u00e4t Erlangen Navigiere zu: 1877-1920 || 1921-1935 ||1936-1946 || Diplome und Mitgliedsurkunden &hellip; <\/p>\n<p class=\"link-more\"><a href=\"https:\/\/obermaier-gesellschaft.de\/english\/bildarchiv\/\" class=\"more-link\">Continue reading<span class=\"screen-reader-text\"> &#8220;Hugo Obermaier-Archiv&#8221;<\/span><\/a><\/p>","protected":false},"author":1,"featured_media":0,"parent":0,"menu_order":0,"comment_status":"closed","ping_status":"closed","template":"","meta":{"footnotes":""},"class_list":["post-80","page","type-page","status-publish","hentry"],"_links":{"self":[{"href":"https:\/\/obermaier-gesellschaft.de\/english\/wp-json\/wp\/v2\/pages\/80","targetHints":{"allow":["GET"]}}],"collection":[{"href":"https:\/\/obermaier-gesellschaft.de\/english\/wp-json\/wp\/v2\/pages"}],"about":[{"href":"https:\/\/obermaier-gesellschaft.de\/english\/wp-json\/wp\/v2\/types\/page"}],"author":[{"embeddable":true,"href":"https:\/\/obermaier-gesellschaft.de\/english\/wp-json\/wp\/v2\/users\/1"}],"replies":[{"embeddable":true,"href":"https:\/\/obermaier-gesellschaft.de\/english\/wp-json\/wp\/v2\/comments?post=80"}],"version-history":[{"count":20,"href":"https:\/\/obermaier-gesellschaft.de\/english\/wp-json\/wp\/v2\/pages\/80\/revisions"}],"predecessor-version":[{"id":2022,"href":"https:\/\/obermaier-gesellschaft.de\/english\/wp-json\/wp\/v2\/pages\/80\/revisions\/2022"}],"wp:attachment":[{"href":"https:\/\/obermaier-gesellschaft.de\/english\/wp-json\/wp\/v2\/media?parent=80"}],"curies":[{"name":"wp","href":"https:\/\/api.w.org\/{rel}","templated":true}]}}