{"id":773,"date":"2020-09-23T16:28:52","date_gmt":"2020-09-23T16:28:52","guid":{"rendered":"http:\/\/obermaier-gesellschaft.de\/?page_id=773"},"modified":"2020-11-20T14:11:03","modified_gmt":"2020-11-20T14:11:03","slug":"hugo-obermaier-1877-1946","status":"publish","type":"page","link":"https:\/\/obermaier-gesellschaft.de\/english\/hugo-obermaier-1877-1946\/","title":{"rendered":"Life and Work"},"content":{"rendered":"<p class=\"translation-block\">Hugo Obermaier wurde an 29. Januar 1877 in Regensburg als Sohn des Kgl. Schulrates Anton Obermaier geboren. Nach Schulbesuch und Studium in seiner Heimatstadt erhielt er 1900 die Weihe zum weltlichen Priester. 1901-1904 studierte er in Wien bei Penck, Forster, Szombathy und Hoernes die F\u00e4cher Pr\u00e4historische Arch\u00e4ologie, Physische Geographie, Geologie, Pal\u00e4ontologie, Ethnologie, Deutsche Philologie und Menschliche Anatomie. 1904 wurde er mit einer Arbeit \u00fcber \u201cDie Verbreitung des Menschen w\u00e4hrend des Eiszeitalters in Mitteleuropa\u201d promoviert. Nach seiner Habilitation 1908 in Wien wurde er gegen den Widerstand seines Lehrers Penck ebendort 1909 Privatdozent. W\u00e4hrend dieser Zeit unternahm er zahlreiche Reisen in verschiedene L\u00e4nder Europas, die ihm die Bekanntschaft und langj\u00e4hrige Freundschaft mit f\u00fchrenden Pr\u00e4historikern seiner Zeit einbrachten. 1911 wurde Obermaier als Professor an das neu gegr\u00fcndete&nbsp;<em>Institut de Pal\u00e9ontologie Humaine<\/em>&nbsp;in Paris berufen.<\/p>\n\n\n\n<p>He was surprised by the outbreak of World War I during a stay in Spain. As a German, he was not allowed to return to France. Obermaier stayed in Spain, where he worked at the\u00a0<em>Museo Nacional de Ciencias Naturales in Madrid,<\/em>\u00a0until he was called to the\u00a0<em>Universidad Central von Madrid<\/em>\u00a0in 1922. He was employed there until the beginning of the Spanish Civil War. He declined the call to the vacant professorship of Max Ebert in Berlin in 1933, because Berlin was too far from his second home in Spain, where he had become a citizen, and where he used to research. He also recognized the beginning of national-socialism.<\/p>\n\n\n\n<p class=\"translation-block\">1936 \u00fcberraschte Obermaier der Ausbruch des Spanischen B\u00fcrgerkrieges in Oslo, wo er sein Land offiziell auf dem&nbsp;<em>Congr\u00e8s International d\u2019Arch\u00e9ologie Pr\u00e9historique et Protohistorique<\/em>&nbsp;vertrat. Allen Bem\u00fchungen seiner Freunde, insbesondere des Herzogs von Alba, zum Trotz, ihn wieder f\u00fcr Madrid zu gewinnen, entschloss sich Obermaier 1939, eine Professur in Freiburg in der Schweiz anzunehmen und nicht mehr nach Spanien zur\u00fcckzukehren. Die angegriffene Gesundheit, die ungekl\u00e4rte Frage seiner Altersversorgung in Spanien und die Tatsache, dass sein Sch\u00fcler&nbsp;<em>Mart\u00ednez Santa Olalla<\/em>&nbsp;\u00f6ffentlich den angestammten Lehrstuhl f\u00fcr sich reklamierte und er nicht mit diesem in Konkurrenz treten wollte, bewegten ihn zu diesem Entschluss, den er schweren Herzens fasste.<\/p>\n\n\n\n<p>Obermaier died after long illness on 12th of November in 1946 in the Salesianum of Freiburg. He was buried in Freiburg with all honours. He rested there until the administration closed his grave unnoticed by his colleagues. Since 1986, a commemorative plaque at the university building reminds visitors to this great academic.<\/p>\n\n\n\n<p>The \u201eHugo Obermaier-Gesellschaft f\u00fcr Erforschung des Eiszeitalters und seiner Kulturen\u201c was founded on the 23th of June in 1951 at the University of Regensburg. It was founded by professor Lothar Zotz from Erlangen. The targets of the society are to advocate the Palaeolithic research and to form connections with foreign colleagues. Soon it came to mind, that the exclusive focus on Palaeolithic research would not be useful, and so in 1956 the society\u2019s name was changed to \u201cHugo Obermaier-Gesellschaft f\u00fcr Erforschung des Eiszeitalters und der Steinzeit\" to reflect continuous aspects from the Palaeolithic to the Mesolithic and Neolithic.<\/p>","protected":false},"excerpt":{"rendered":"<p>Hugo Obermaier wurde an 29. Januar 1877 in Regensburg als Sohn des Kgl. Schulrates Anton Obermaier geboren. Nach Schulbesuch und Studium in seiner Heimatstadt erhielt er 1900 die Weihe zum weltlichen Priester. 1901-1904 studierte er in Wien bei Penck, Forster, Szombathy und Hoernes die F\u00e4cher Pr\u00e4historische Arch\u00e4ologie, Physische Geographie, Geologie, Pal\u00e4ontologie, Ethnologie, Deutsche Philologie und &hellip; <\/p>\n<p class=\"link-more\"><a href=\"https:\/\/obermaier-gesellschaft.de\/english\/hugo-obermaier-1877-1946\/\" class=\"more-link\">Continue reading<span class=\"screen-reader-text\"> &#8220;Leben und Wirken&#8221;<\/span><\/a><\/p>","protected":false},"author":1,"featured_media":0,"parent":0,"menu_order":0,"comment_status":"closed","ping_status":"closed","template":"","meta":{"footnotes":""},"class_list":["post-773","page","type-page","status-publish","hentry"],"_links":{"self":[{"href":"https:\/\/obermaier-gesellschaft.de\/english\/wp-json\/wp\/v2\/pages\/773","targetHints":{"allow":["GET"]}}],"collection":[{"href":"https:\/\/obermaier-gesellschaft.de\/english\/wp-json\/wp\/v2\/pages"}],"about":[{"href":"https:\/\/obermaier-gesellschaft.de\/english\/wp-json\/wp\/v2\/types\/page"}],"author":[{"embeddable":true,"href":"https:\/\/obermaier-gesellschaft.de\/english\/wp-json\/wp\/v2\/users\/1"}],"replies":[{"embeddable":true,"href":"https:\/\/obermaier-gesellschaft.de\/english\/wp-json\/wp\/v2\/comments?post=773"}],"version-history":[{"count":4,"href":"https:\/\/obermaier-gesellschaft.de\/english\/wp-json\/wp\/v2\/pages\/773\/revisions"}],"predecessor-version":[{"id":1007,"href":"https:\/\/obermaier-gesellschaft.de\/english\/wp-json\/wp\/v2\/pages\/773\/revisions\/1007"}],"wp:attachment":[{"href":"https:\/\/obermaier-gesellschaft.de\/english\/wp-json\/wp\/v2\/media?parent=773"}],"curies":[{"name":"wp","href":"https:\/\/api.w.org\/{rel}","templated":true}]}}