{"id":2704,"date":"2022-04-11T08:41:03","date_gmt":"2022-04-11T08:41:03","guid":{"rendered":"https:\/\/obermaier-gesellschaft.de\/?page_id=2704"},"modified":"2022-04-23T06:40:29","modified_gmt":"2022-04-23T06:40:29","slug":"63rd-annual-meeting-of-the-hugo-obermaier-society-poster-presentations","status":"publish","type":"page","link":"https:\/\/obermaier-gesellschaft.de\/english\/63rd-annual-meeting-of-the-hugo-obermaier-society-poster-presentations\/","title":{"rendered":"63rd Annual Meeting of the Hugo Obermaier Society &#8211; Poster Presentations"},"content":{"rendered":"<p><a href=\"https:\/\/obermaier-gesellschaft.de\/wp-content\/uploads\/2022\/04\/Bretzke_HOG_2022_Poster.pdf\"><em>Knut Bretzke<\/em><br>Evidence for human occupation of Southeast Arabia during the supposedly hyper-arid MIS 6 (c. 190-130 ka)<\/a><\/p>\n\n\n\n<p><a href=\"https:\/\/obermaier-gesellschaft.de\/wp-content\/uploads\/2022\/04\/Chacon_etal_POster_63HOG_150dpi.pdf\"><em>M. Gema Chac\u00f3n, Am\u00e8lia Bargall\u00f3, Bruno G\u00f3mez de Soler, J. Ignacio Mart\u00edn-Viveros, Francesca Romagnoli, Eudald Carbonell, Palmira Saladi\u00e9 &amp; Josep Vallverd\u00fa<br><\/em>Speleothems as raw material during the Middle Paleolithic: examples from Level R and Ra at the Abric Roman\u00ed site (Barcelona, Spain)<\/a><\/p>\n\n\n\n<p><a href=\"https:\/\/obermaier-gesellschaft.de\/wp-content\/uploads\/2022\/04\/Poster_Martinshoehle_Gumboldt_Riemenschneider_Maier_300dpi.pdf\"><em>Florian Gumboldt, Daniel Riemenschneider, &amp; Andreas Maier<br><\/em>Martinsh\u00f6hle revisited<\/a><\/p>\n\n\n\n<p><a href=\"https:\/\/obermaier-gesellschaft.de\/wp-content\/uploads\/2022\/04\/Kapustka_Poster.pdf\"><em>Katar\u00edna Kapustka, Matthew Walls, Karol\u00edna Pauknerov\u00e1, P\u0159emysl Bobek, Michaela Pt\u00e1kov\u00e1, Krist\u00fdna Budilov\u00e1 &amp; Jarom\u00edr Kov\u00e1rn\u00edk<br><\/em>Koko\u0159\u00ednsko: tracing hunter-gatherer creativity in plant use during the Mesolithic of Bohemia<\/a><\/p>\n\n\n\n<p><a href=\"https:\/\/obermaier-gesellschaft.de\/wp-content\/uploads\/2022\/04\/HOPoster_McCartin.pdf\"><em>Madison McCartin, Britt M. Starkovich, &amp; Nicholas J. Conard<\/em><br>New Zooarchaeological Investigations at Petersfels (Brudertal, SW-Germany)<\/a><\/p>\n\n\n\n<p><a href=\"https:\/\/obermaier-gesellschaft.de\/wp-content\/uploads\/2022\/04\/Monik_Nerudova_Poster-oprav.pdf\"><em>Martin Mon\u00edk, Tom\u00e1\u0161 Pluh\u00e1\u010dek, Zde\u0148ka Nerudov\u00e1<br><\/em>Reconstruction of Upper Palaeolithic mobility through provenience study of radiolarite artefacts<\/a><\/p>\n\n\n\n<p><a href=\"https:\/\/obermaier-gesellschaft.de\/wp-content\/uploads\/2022\/04\/Muller-Leuzinger-Imhof-HOG_2022.pdf\"><em>Werner M\u00fcller, Urs Leuzinger &amp; Walter Imhof<\/em><br>A decorated object of red deer antler from the Mesolithic of Switzerland<\/a><\/p>\n\n\n\n<p><a href=\"https:\/\/obermaier-gesellschaft.de\/wp-content\/uploads\/2022\/04\/Rivals_Poster_HOG2022_Berlin.pdf\"><em>Florent Rivals, Arturo de Lombera-Hermida, Xos\u00e9-Pedro Rodr\u00edguez-\u00c1lvarez &amp; Ram\u00f3n F\u00e1bregas Valcarce<br><\/em>Dietary traits of the ungulates and seasonality of the human occupations from the Middle-Upper Palaeolithic transition at Cova Eir\u00f3s (Galicia, Spain)<\/a><\/p>\n\n\n\n<p><a href=\"https:\/\/obermaier-gesellschaft.de\/wp-content\/uploads\/2022\/04\/Gonnersdorf-poster-_Robitaille_Meyering-light.pdf\"><em>J\u00e9r\u00f4me Robitaille &amp; Lisa-Elen Meyering<br><\/em>The G\u00f6nnersdorf plaquettes integrity: cases of fragmentation and reuse<\/a><\/p>\n\n\n\n<p><a href=\"https:\/\/obermaier-gesellschaft.de\/wp-content\/uploads\/2022\/04\/Poster_PAfrica_HOG_2022_Rotganger_et_al.pdf\"><em>Miriam Rotg\u00e4nger, J\u00f6rg Linst\u00e4dter, Gerd-Christian Weniger, Johanna Sigl, Wazi Apoh &amp; Ewa Dutkiewicz<\/em><br>Planet Africa \u2013 Archaeological time travel Pilot project of a traveling exhibition<\/a><\/p>\n\n\n\n<p><a href=\"https:\/\/obermaier-gesellschaft.de\/wp-content\/uploads\/2022\/04\/Toniato-et-al._Poster_-HOG-22.pdf\"><em>Giulia Toniato, Thomas Beutelspacher, Claus-Joachim Kind &amp; Yvonne Tafelmaier<\/em><br>Faunal exploitation during the Mesolithic at Kohlhau-Abri near the Lone Valley, Southwestern Germany<\/a><\/p>\n\n\n\n<p><a href=\"https:\/\/obermaier-gesellschaft.de\/wp-content\/uploads\/2022\/04\/Weber_Poster_HOT2022.pdf\"><em>Thomas Weber, Wolfgang Kainz, Mechthild Klamm, Dominik Petzold, Frank Preusser &amp; Henrik Rother<\/em><br>A Palaeolithic point from the excavation near L\u00fcderitz, district of Stendal<\/a><\/p>","protected":false},"excerpt":{"rendered":"<p>Knut BretzkeEvidence for human occupation of Southeast Arabia during the supposedly hyper-arid MIS 6 (c. 190-130 ka) M. Gema Chac\u00f3n, Am\u00e8lia Bargall\u00f3, Bruno G\u00f3mez de Soler, J. Ignacio Mart\u00edn-Viveros, Francesca Romagnoli, Eudald Carbonell, Palmira Saladi\u00e9 &amp; Josep Vallverd\u00faSpeleothems as raw material during the Middle Paleolithic: examples from Level R and Ra at the Abric Roman\u00ed &hellip; <\/p>\n<p class=\"link-more\"><a href=\"https:\/\/obermaier-gesellschaft.de\/english\/63rd-annual-meeting-of-the-hugo-obermaier-society-poster-presentations\/\" class=\"more-link\">Continue reading<span class=\"screen-reader-text\"> &#8220;63rd Annual Meeting of the Hugo Obermaier Society &#8211; Poster Presentations&#8221;<\/span><\/a><\/p>","protected":false},"author":1,"featured_media":0,"parent":0,"menu_order":0,"comment_status":"closed","ping_status":"closed","template":"","meta":{"footnotes":""},"class_list":["post-2704","page","type-page","status-publish","hentry"],"_links":{"self":[{"href":"https:\/\/obermaier-gesellschaft.de\/english\/wp-json\/wp\/v2\/pages\/2704","targetHints":{"allow":["GET"]}}],"collection":[{"href":"https:\/\/obermaier-gesellschaft.de\/english\/wp-json\/wp\/v2\/pages"}],"about":[{"href":"https:\/\/obermaier-gesellschaft.de\/english\/wp-json\/wp\/v2\/types\/page"}],"author":[{"embeddable":true,"href":"https:\/\/obermaier-gesellschaft.de\/english\/wp-json\/wp\/v2\/users\/1"}],"replies":[{"embeddable":true,"href":"https:\/\/obermaier-gesellschaft.de\/english\/wp-json\/wp\/v2\/comments?post=2704"}],"version-history":[{"count":19,"href":"https:\/\/obermaier-gesellschaft.de\/english\/wp-json\/wp\/v2\/pages\/2704\/revisions"}],"predecessor-version":[{"id":2773,"href":"https:\/\/obermaier-gesellschaft.de\/english\/wp-json\/wp\/v2\/pages\/2704\/revisions\/2773"}],"wp:attachment":[{"href":"https:\/\/obermaier-gesellschaft.de\/english\/wp-json\/wp\/v2\/media?parent=2704"}],"curies":[{"name":"wp","href":"https:\/\/api.w.org\/{rel}","templated":true}]}}