{"id":190,"date":"2020-08-19T08:19:57","date_gmt":"2020-08-19T08:19:57","guid":{"rendered":"http:\/\/obermaier-gesellschaft.de\/?page_id=190"},"modified":"2026-04-19T19:15:20","modified_gmt":"2026-04-19T19:15:20","slug":"preistraeger","status":"publish","type":"page","link":"https:\/\/obermaier-gesellschaft.de\/english\/preistraeger\/","title":{"rendered":"Awardees"},"content":{"rendered":"<div class=\"wp-block-columns is-layout-flex wp-container-core-columns-is-layout-1 wp-block-columns-is-layout-flex\">\n<div class=\"wp-block-column is-layout-flow wp-block-column-is-layout-flow\" style=\"flex-basis:66.66%\">\n<h3>2026 \u2013 Tilman B\u00f6ckenf\u00f6rde<\/h3>\n<p>Excavation project<br>\nOPAL \u2013 Ein neues Silexvorkommen bei Hachborn 35, Ldkr. Marburg-Biedenkopf: Rohstoff, Mobilit\u00e4t und Netzwerke im sp\u00e4ten Jungpal\u00e4olithikum Nordhessens<\/p>\n<h3>2024 \u2013 Mourad Farkouch<\/h3>\n<p>Dissertation project<br>\nSettlement Dynamics &#038; Territorial Management during the Middle and Later Stone Age in the A\u00efn Beni Mathar \u2013 Guefa\u00eft Region (Eastern Morocco)<\/p>\n<h3>2020 \u2013 Rodrigo Loyola<\/h3>\n<p>Dissertation project<br>\nSearching for the early human occupation of the Late-Pleistocene dispersal into the highlands of the southern Andes<\/p>\n<h3>2018 \u2013 Senka Plav\u0161i\u0107<\/h3>\n<p>Dissertation project<br>\nExcavation of Me\u010da Dupka Cave site: Study of the Late Middle Paleolithic and the emergence of Upper Paleolithic in southeast Serbia, Balkans<\/p>\n<h3>2016 \u2013 Oleksii Mykolaiovych Lyzun<\/h3>\n<p>Dissertation project<br>\nRaw material and technological traditions of Middle Dniepr River basin in Upper Paleolithic times<\/p>\n<h3>2014 \u2013 Camille Anne J\u00e9quier<\/h3>\n<p>Dissertation project <br>\nThe De Nadale Cave, a single layered Quina Mousterian site in the North of Italy<\/p>\n<h3>2012 \u2013 Ond\u0159ej Mlejnek<\/h3>\n<p>Dissertation project <br>\nInterdisciplinary research of \u017dele\u010d (Moravia, Czech Republic)<\/p>\n<h3>2010 \u2013 Elham Ghasidian<\/h3>\n<p>Dissertation project <br>\nNew research on the Middle and Upper Paleolithic of the Kermanshah Province: West Central Zagros Mountains; Iran<\/p>\n<h3>2008 \u2013 Mara-Julia Weber<\/h3>\n<p>Dissertationsprojekt <br>\nForschungsprojekt zur jungpal\u00e4olithischen Fundstelle Ahrensh\u00f6ft LA 58 D (Kr. Nordfriesland, Schleswig-Holstein) <\/p>\n<h3>2006 \u2013 Philip R. Nigst<\/h3>\n<p>Dissertationsprojekt<br> \nDie ersten kulturell modernen Menschen Zentraleuropas? \u2013 Forschungen zur Problematik des fr\u00fchen Aurignacien in Zentraleuropa: Eine Sondage in den Schichten 2 bis 4 der Fundstelle Willendorf II, Nieder\u00f6sterreich<\/p>\n<\/div>\n\n\n\n<div class=\"wp-block-column is-layout-flow wp-block-column-is-layout-flow\" style=\"flex-basis:33.33%\"><\/div>\n<\/div>\n\n\n\n<p><\/p>","protected":false},"excerpt":{"rendered":"<p>2026 \u2013 Tilman B\u00f6ckenf\u00f6rde Excavation project OPAL \u2013 Ein neues Silexvorkommen bei Hachborn 35, Ldkr. Marburg-Biedenkopf: Rohstoff, Mobilit\u00e4t und Netzwerke im sp\u00e4ten Jungpal\u00e4olithikum Nordhessens 2024 \u2013 Mourad Farkouch Dissertation project Settlement Dynamics &#038; Territorial Management during the Middle and Later Stone Age in the A\u00efn Beni Mathar \u2013 Guefa\u00eft Region (Eastern Morocco) 2020 \u2013 Rodrigo &hellip; <\/p>\n<p class=\"link-more\"><a href=\"https:\/\/obermaier-gesellschaft.de\/english\/preistraeger\/\" class=\"more-link\">Continue reading<span class=\"screen-reader-text\"> &#8220;Preistr\u00e4ger&#8221;<\/span><\/a><\/p>","protected":false},"author":1,"featured_media":0,"parent":0,"menu_order":0,"comment_status":"closed","ping_status":"closed","template":"","meta":{"footnotes":""},"class_list":["post-190","page","type-page","status-publish","hentry"],"_links":{"self":[{"href":"https:\/\/obermaier-gesellschaft.de\/english\/wp-json\/wp\/v2\/pages\/190","targetHints":{"allow":["GET"]}}],"collection":[{"href":"https:\/\/obermaier-gesellschaft.de\/english\/wp-json\/wp\/v2\/pages"}],"about":[{"href":"https:\/\/obermaier-gesellschaft.de\/english\/wp-json\/wp\/v2\/types\/page"}],"author":[{"embeddable":true,"href":"https:\/\/obermaier-gesellschaft.de\/english\/wp-json\/wp\/v2\/users\/1"}],"replies":[{"embeddable":true,"href":"https:\/\/obermaier-gesellschaft.de\/english\/wp-json\/wp\/v2\/comments?post=190"}],"version-history":[{"count":9,"href":"https:\/\/obermaier-gesellschaft.de\/english\/wp-json\/wp\/v2\/pages\/190\/revisions"}],"predecessor-version":[{"id":5733,"href":"https:\/\/obermaier-gesellschaft.de\/english\/wp-json\/wp\/v2\/pages\/190\/revisions\/5733"}],"wp:attachment":[{"href":"https:\/\/obermaier-gesellschaft.de\/english\/wp-json\/wp\/v2\/media?parent=190"}],"curies":[{"name":"wp","href":"https:\/\/api.w.org\/{rel}","templated":true}]}}