{"id":1378,"date":"2020-12-11T14:56:19","date_gmt":"2020-12-11T14:56:19","guid":{"rendered":"http:\/\/obermaier-gesellschaft.de\/?page_id=1378"},"modified":"2020-12-12T13:54:34","modified_gmt":"2020-12-12T13:54:34","slug":"hugo-obermaier-archiv-diplome-und-mitgliedsurkunden","status":"publish","type":"page","link":"https:\/\/obermaier-gesellschaft.de\/english\/hugo-obermaier-archiv-diplome-und-mitgliedsurkunden\/","title":{"rendered":"Hugo Obermaier-Archive (Diplomas and Membership Certificates)"},"content":{"rendered":"<div id=\"zentrierenff\">\t\n <div id=\"buehnearchiv\">            \n<div id=\"inhalt\">\n\n<ul id=\"photos\">\n\t<li> \n\t\t<a rel=\"Photo Series\" href=\"\/photos\/diplome\/1904-07-19.jpg\">\n\t\t<img decoding=\"async\" src=\"\/photos\/diplome\/1904-07-19kl.jpg\" title=\"19.07.1904\" alt=\"Promotionsurkunde der \u00bbFranz-Josephs- Universit\u00e4t Wien\u00ab, \u00d6sterreich. Thema der Dissertation: \u00bbDie Verbreitung des Menschen w\u00e4hrend des Eiszeitalters in Mitteleuropa\u00ab. (50 cm x 65,9 cm)\"><\/a>\n\t<\/li> \n\t<li><a rel=\"Photo Series\" href=\"\/photos\/diplome\/1904-07-19b.jpg\"><img decoding=\"async\" src=\"\/photos\/diplome\/1904-07-19bkl.jpg\" title=\"19.07.1904\" alt=\"Ansprache aus Anlass der Promotionsfeier und Verleihung der Promotionsurkunde 1904. (26,5 cm x 39,6 cm)\"><\/a>\n\t<\/li>\n\t<li> \n\t<a rel=\"Photo Series\" href=\"\/photos\/diplome\/1900-00-00.jpg\">\n\t<img decoding=\"async\" src=\"\/photos\/diplome\/1900-00-00kl.jpg\" title=\"Ohne Jahr\" alt=\"Mitglied des \u00bbInstitut Ethnographique International de Paris\u00ab, Paris, Frankreich. (27,0 cm x 21,0 cm)\"><\/a>\n\t<\/li>\n  <li> \n<a rel=\"Photo Series\" href=\"\/photos\/diplome\/1909-12-02.jpg\">\n<img decoding=\"async\" src=\"\/photos\/diplome\/1909-12-02kl.jpg\" title=\"02.12.1909:\" alt=\"Korrespondierendes ausl\u00e4ndisches Mitglied der \u00bbSoci\u00e9t\u00e9 d'Anthropologie de Paris\u00ab, Paris, Frankreich. (34,5 cm x 26,0 cm)\"><\/a>\n<\/li>\n<li> \n<a rel=\"Photo Series\" href=\"\/photos\/diplome\/1913-03-09.jpg\">\n<img decoding=\"async\" src=\"\/photos\/diplome\/1913-03-09kl.jpg\" title=\"09.03.1913\" alt=\"Korrespondierendes Mitglied der \u00bbReal Academia de la Historia\u00ab, Madrid, Spanien. (55,8 cm x 41,4 cm)\"><\/a>\n<\/li>\n<li> \n<a rel=\"Photo Series\" href=\"\/photos\/diplome\/1913-10-10.jpg\">\n<img decoding=\"async\" src=\"\/photos\/diplome\/1913-10-10kl.jpg\" title=\"10.10.1913:\" alt=\"Ordentliches Mitglied der \u00bbZaristischen Gesellschaft der Freunde der Naturwissenschaften, Sektion f\u00fcr Anthropologie und Ethnographie\u00ab, Moskau, Russland. (27,0 cm x 40,3 cm)\"><\/a>\n<\/li>\n<li> \n<a rel=\"Photo Series\" href=\"\/photos\/diplome\/1916-08-01.jpg\">\n<img decoding=\"async\" src=\"\/photos\/diplome\/1916-08-01kl.jpg\" title=\"01.08.1916\" alt=\"Mitgliedsdiplom der \u00bbAgrupaci\u00f3n de alpinistas 'Pe\u00f1alara'\u00ab, Madrid, Spanien. (50,1 cm x 32,4 cm)\"><\/a>\n<\/li>\n<li> \n<a href=\"\/photos\/diplome\/1918-05-12.jpg\">\n<img decoding=\"async\" src=\"\/photos\/diplome\/1918-05-12kl.jpg\" title=\"12.05.1918\" alt=\"\u00bbAcad\u00e9mico\u00ab der \u00bbAcademia de Bellas Artes y Ciencias Hist\u00f3ricas de Toledo\u00ab, Toledo, Spanien. (65,3 cm x 50,3 cm)\"><\/a>\n<\/li> \n<li><a rel=\"Photo Series\" href=\"\/photos\/diplome\/1920-01-01.jpg\"><img decoding=\"async\" src=\"\/photos\/diplome\/1920-01-01kl.jpg\" title=\"01.01.1920\" alt=\"Gr\u00fcndungsmitglied der \u00bbSociedad Ib\u00e9rica de Ciencias Naturales\u00ab, Zaragoza, Spanien. (38,2 cm x 27,3 cm)\"><\/a>\n<\/li>\n<li><a rel=\"Photo Series\" href=\"\/photos\/diplome\/1922-02-06.jpg\"><img decoding=\"async\" src=\"\/photos\/diplome\/1922-02-06kl.jpg\" title=\"06.02.1922\" alt=\"\u00bbLife Member\u00ab des \u00bbAmerican Museum of Natural History\u00ab in New York, USA. (37,7 cm x 47,2 cm)\"><\/a>\n<\/li>\n<li><a rel=\"Photo Series\" href=\"\/photos\/diplome\/1922-02-06b.jpg\"><img decoding=\"async\" src=\"\/photos\/diplome\/1922-02-06bkl.jpg\" title=\"06.02.1922\" alt=\"Dazu eine einfache Eintrittskarte, eine Mitgliedskarte auf Lebenszeit und ein kleiner Briefumschlag. (Karten: 9,6 cm x 6,0 cm, Umschlag: 10,5 cm x 6,8 cm) \"><\/a>\n<\/li><li><a rel=\"Photo Series\" href=\"\/photos\/diplome\/1923-01-23.jpg\"><img decoding=\"async\" src=\"\/photos\/diplome\/1923-01-23kl.jpg\" title=\"23.01.1923\" alt=\"Ehrenmitglied des \u00bbRoyal Anthropological Institute of Great Britain and Ireland\u00ab, London, England. (28,2 cm x 37,5 cm)\"><\/a>\n<\/li>\n<li><a rel=\"Photo Series\" href=\"\/photos\/diplome\/1923-12-21.jpg\"><img decoding=\"async\" src=\"\/photos\/diplome\/1923-12-21kl.jpg\" title=\"21.12.1923\" alt=\"Mitgliedsausweis: Korrespondierendes Mitglied der \u00bbAssocia\u00e7\u00e3o dos Arque\u00f3logos Portugueses\u00ab, Lisboa, Portugal. (12,6 cm x 7,9 cm) \"><\/a>\n<\/li>\n<li> \n<a rel=\"Photo Series\" href=\"\/photos\/diplome\/1924-02-12.jpg\">\n<img decoding=\"async\" src=\"\/photos\/diplome\/1924-02-12kl.jpg\" title=\"12.02.1924\" alt=\"Ehrenmitglied der \u00bbGesellschaft f\u00fcr Anthropologie, Ethnologie und Urgeschichte M\u00fcnchen\u00ab, M\u00fcnchen, Deutschland. (29,5 cm x 50,2 cm)\"><\/a>\n<\/li>  \n<li> \n<a rel=\"Photo Series\" href=\"\/photos\/diplome\/1924-02-23.jpg\">\n<img decoding=\"async\" src=\"\/photos\/diplome\/1924-02-23kl.jpg\" title=\"23.02.1924\" alt=\"Korrespondierendes Mitglied der \u00bbBayerischen Akademie der Wissenschaften\u00ab in der mathematisch-naturwissenschaftlichen Abteilung, M\u00fcnchen, Deutschland. (31,9 cm x 45,4 cm)\"><\/a>\n<\/li>\n<li> \n<a rel=\"Photo Series\" href=\"\/photos\/diplome\/1924-11-24.jpg\">\n<img loading=\"lazy\" decoding=\"async\" src=\"\/photos\/diplome\/1924-11-24kl.jpg\" alt=\"Mitglied der \u00bbHispanic Society of America\u00ab, New York, USA. (51,4 cm x 39,0 cm) \" width=\"90\" height=\"110\" title=\"24.11.1924\"><\/a>\n<\/li>\n<li> \n<a rel=\"Photo Series\" href=\"\/photos\/diplome\/1925-04-21.jpg\">\n<img decoding=\"async\" src=\"\/photos\/diplome\/1925-04-21kl.jpg\" title=\"21.04.1925\" alt=\"Ordentliches Mitglied des \u00bbDeutschen Arch\u00e4ologischen Instituts\u00ab, Berlin, Deutschland. (23,0 cm x 31,1 cm)\"><\/a>\n<\/li>\n<li>\n<a rel=\"Photo Series\" href=\"\/photos\/diplome\/1925-07-30.jpg\">\n<img decoding=\"async\" src=\"\/photos\/diplome\/1925-07-30kl.jpg\" title=\"30.07.1925\" alt=\"Ehrendoktor der \u00bbMedizinischen Fakult\u00e4t der Albert Ludwigs-Universit\u00e4t Freiburg i.Br.\u00ab, Freiburg im Breisgau, Deutschland. (44,0 cm x 35,4 cm)\"><\/a>\n<\/li>\n<li> \n<a rel=\"Photo Series\" href=\"\/photos\/diplome\/1926-05-02.jpg\">\n<img decoding=\"async\" src=\"\/photos\/diplome\/1926-05-02kl.jpg\" title=\"02.05.1926\" alt=\"Ordentliches Mitglied der \u00bbReal Academia de la Historia\u00ab, Madrid, Spanien. (50,0 cm x 37,0 cm. )\"><\/a>\n<\/li>\n<li><a rel=\"Photo Series\" href=\"\/photos\/diplome\/1926-07-23.jpg\"><img decoding=\"async\" src=\"\/photos\/diplome\/1926-07-23kl.jpg\" title=\"23.07.1926\" alt=\"Korrespondierendes Mitglied der Academia de la Sociedad Argentina de Ciencias Naturales\u00ab, Buenos Aires, Argentinien. (65,3 cm x 50,1 cm)\"><\/a>\n<\/li>\n<li><a rel=\"Photo Series\" href=\"\/photos\/diplome\/1926-08-11.jpg\"><img decoding=\"async\" src=\"\/photos\/diplome\/1926-08-11kl.jpg\" title=\"11.08.1926\" alt=\"Korrespondierendes Mitglied der \u00bbSociedad Argentina de Estudios Geogr\u00e1ficos\u00ab, Buenos Aires, Argentinien. (50,0 cm x 43,0 cm)\"><\/a>\n<\/li>\n<li> \n<a rel=\"Photo Series\" href=\"\/photos\/diplome\/1927-01-28.jpg\">\n<img decoding=\"async\" src=\"\/photos\/diplome\/1926-11-18kl.jpg\" title=\"18.11.1926\" alt=\"Mitglied der \u00bbKaiserlichen Deutschen Academie der Naturforscher zu Halle\u00ab, Halle, Deutschland. (50,0 cm x 32,5 cm)\"><\/a>\n<\/li>\n<li> \n<a rel=\"Photo Series\" href=\"\/photos\/diplome\/1927-01-28.jpg\">\n<img decoding=\"async\" src=\"\/photos\/diplome\/1927-01-28kl.jpg\" title=\"28.01.1927\" alt=\"Gr\u00fcndungs-Mitglied der \u00bbSociedad Espa\u00f1ola de Antropolog\u00eda, Etnograf\u00eda y Prehistoria\u00ab, Madrid, Spanien. (38,6 cm x 30,7 cm)\"><\/a>\n<\/li>\n<li> \n<a rel=\"Photo Series\" href=\"\/photos\/diplome\/1927-04-16.jpg\">\n<img decoding=\"async\" src=\"\/photos\/diplome\/1927-04-16kl.jpg\" title=\"16.04.1927\" alt=\"Ehrenmitglied der \u00bbInstituci\u00f3n Cultural Argentino-Germana de Buenos Aires\u00ab, Buenos Aires, Argentinien. (44,0 cm x 32,0 cm) \"><\/a>\n<\/li>\n<li> \n<a rel=\"Photo Series\" href=\"\/photos\/diplome\/1927-06-02.jpg\">\n<img decoding=\"async\" src=\"\/photos\/diplome\/1927-06-02kl.jpg\" title=\"02.06.1927\" alt=\"Korrespondierendes Mitglied des \u00bbIstituto Italiano di Paleontologia Umana\u00ab, Firenze, Italien. (47,0 cm x 59,7 cm)\"><\/a>\n<\/li>\n<li> \n<a rel=\"Photo Series\" href=\"\/photos\/diplome\/1927-12-15.jpg\">\n<img decoding=\"async\" src=\"\/photos\/diplome\/1927-12-15kl.jpg\" title=\"15.12.1927\" alt=\"Korrespondierendes Mitglied der \u00bbPreu\u00dfischen Akademie der Wissenschaften\u00ab, Berlin, Deutschland. (31,2 cm x 41,0 cm)\"><\/a>\n<\/li>\n<li> \n<a rel=\"Photo Series\" href=\"\/photos\/diplome\/1928-08-14.jpg\">\n<img decoding=\"async\" src=\"\/photos\/diplome\/1928-08-14kl.jpg\" title=\"14.08.1928\" alt=\"Korrespondierendes Mitglied \u00bbAcademia Nacional de Historia\u00ab der Republik Ecuador, Quito, Ecuador. (25,1 cm x 39,3 cm) \"><\/a>\n<\/li>\n<li><a rel=\"Photo Series\" href=\"\/photos\/diplome\/1929-11-16.jpg\"><img decoding=\"async\" src=\"\/photos\/diplome\/1929-11-16kl.jpg\" title=\"16.11.1929\" alt=\"Korrespondierendes Mitglied der \u00bbBerliner Gesellschaft f\u00fcr Anthropologie, Ethnologie und Urgeschichte\u00ab, Berlin, Deutschland. (38,1 cm x 30,1 cm) \"><\/a>\n<\/li>\n<li><a rel=\"Photo Series\" href=\"\/photos\/diplome\/1933-02-22.jpg\"><img decoding=\"async\" src=\"\/photos\/diplome\/1933-02-22kl.jpg\" title=\"22.02.1933\" alt=\"Mitglied der \u00bbSociety of Antiquaries of London\u00ab, London, England. (28,4 cm x 24,5 cm)\"><\/a>\n<\/li>\n<li> \n<a rel=\"Photo Series\" href=\"\/photos\/diplome\/1933-06-24.jpg\">\n<img decoding=\"async\" src=\"\/photos\/diplome\/1933-06-24kl.jpg\" title=\"24.06.1933\" alt=\"Korrespondierendes Mitglied der \u00bbSociet\u00e0 Romana di Antropologia\u00ab, Rom, Italien. (45,2 cm x 33,1 cm)\"><\/a>\n<\/li>\n<li> \n<a rel=\"Photo Series\" href=\"\/photos\/diplome\/1934-01-15.jpg\">\n<img decoding=\"async\" src=\"\/photos\/diplome\/1934-01-15kl.jpg\" title=\"15.01.1934\" alt=\"Verleihung der Georg Schweinfurth-Plakette des \u00bbForschungsinstituts f\u00fcr Kulturmorphologie, e. V. zu Frankfurt\/M.\u00ab, Frankfurt\/Main, Deutschland. (33,5 cm x 49,3 cm)\"><\/a>\n<\/li>\n<li> \n<a rel=\"Photo Series\" href=\"\/photos\/diplome\/1935-05-15.jpg\">\n<img decoding=\"async\" src=\"\/photos\/diplome\/1935-05-15kl.jpg\" title=\"15.05.1935\" alt=\"Korrespondierendes Mitglied des \u00bbInstituto de Estudios Canarios\u00ab, Universidad de La Laguna, Tenerifa. (34,0 cm x 47,3 cm)\"><\/a>\n<\/li>\n<\/ul>\t\n  <\/div><!--ende Inhalt-->\n<\/div><!--ende buehne-->\n<\/div>\n\n<div id=\"aOverlay\" title=\"Click to Close\" style=\"opacity: 0;\"><\/div>\n<div id=\"aBox\" style=\"opacity: 0; left: 333px; top: 453.984px; display: none;\">\n<div id=\"aImgHolder\"><img id=\"aImg\" style=\"opacity: 0; visibility: hidden;\"><\/div>\n\n<div id=\"aBoxMeta\"><h1 id=\"aInfoTitle\"><\/h1><a id=\"aNextButton\" href=\"#next\" class=\"aButton\"><\/a><a id=\"aPrevButton\" href=\"#prev\" class=\"aButton\"><\/a><a id=\"aCloseButton\" href=\"\/english\/.\/\" class=\"aButton\"><\/a><p id=\"aCount\" style=\"opacity: 0;\"><\/p><p id=\"aInfo\"><\/p><\/div><\/div>\n<img decoding=\"async\" id=\"aLoadImg\" src=\"\/images\/aBox-loading.gif\" style=\"opacity: 0;\">","protected":false},"excerpt":{"rendered":"","protected":false},"author":1,"featured_media":0,"parent":0,"menu_order":0,"comment_status":"closed","ping_status":"closed","template":"","meta":{"footnotes":""},"class_list":["post-1378","page","type-page","status-publish","hentry"],"_links":{"self":[{"href":"https:\/\/obermaier-gesellschaft.de\/english\/wp-json\/wp\/v2\/pages\/1378","targetHints":{"allow":["GET"]}}],"collection":[{"href":"https:\/\/obermaier-gesellschaft.de\/english\/wp-json\/wp\/v2\/pages"}],"about":[{"href":"https:\/\/obermaier-gesellschaft.de\/english\/wp-json\/wp\/v2\/types\/page"}],"author":[{"embeddable":true,"href":"https:\/\/obermaier-gesellschaft.de\/english\/wp-json\/wp\/v2\/users\/1"}],"replies":[{"embeddable":true,"href":"https:\/\/obermaier-gesellschaft.de\/english\/wp-json\/wp\/v2\/comments?post=1378"}],"version-history":[{"count":5,"href":"https:\/\/obermaier-gesellschaft.de\/english\/wp-json\/wp\/v2\/pages\/1378\/revisions"}],"predecessor-version":[{"id":1496,"href":"https:\/\/obermaier-gesellschaft.de\/english\/wp-json\/wp\/v2\/pages\/1378\/revisions\/1496"}],"wp:attachment":[{"href":"https:\/\/obermaier-gesellschaft.de\/english\/wp-json\/wp\/v2\/media?parent=1378"}],"curies":[{"name":"wp","href":"https:\/\/api.w.org\/{rel}","templated":true}]}}