{"id":1375,"date":"2020-12-11T14:52:29","date_gmt":"2020-12-11T14:52:29","guid":{"rendered":"http:\/\/obermaier-gesellschaft.de\/?page_id=1375"},"modified":"2020-12-12T13:53:54","modified_gmt":"2020-12-12T13:53:54","slug":"hugo-obermaier-archiv-1936-1946","status":"publish","type":"page","link":"https:\/\/obermaier-gesellschaft.de\/english\/hugo-obermaier-archiv-1936-1946\/","title":{"rendered":"Hugo Obermaier-Archive (1936-1946)"},"content":{"rendered":"<div id=\"zentrierenff\">\n\t<div id=\"buehnearchiv\"> \n\t\t<div id=\"inhalt\">\n\t\t\t<ul id=\"photos\">\n\t\t\t\t<li> \n\t\t\t\t\t<a rel=\"Photo Series\" href=\"\/photos\/photos1936\/ho_1936_01recto.jpg\">\n\t\t\t\t\t<img decoding=\"async\" src=\"\/photos\/photos1936\/ho_1936_01rectokl.jpg\" title=\"1936\" alt=\"\t\t\t\t\tRecto: Hugo Obermaier 1936 vor dem Holmenkollen-Hotel in Oslo stehend.\t\t\t\t\tVerbleib: Archiv der Hugo Obermaier-Gesellschaft, Erlangen.\"><\/a>\t<\/li>\n\t\t\t\t<li>\n\t\t\t\t\t<a rel=\"Photo Series\" href=\"\/photos\/photos1936\/ho_1936_01verso.jpg\">\n\t\t\t\t\t<img decoding=\"async\" src=\"\/photos\/photos1936\/ho_1936_01versokl.jpg\" title=\"1936\" alt=\"\t\t\t\t\tVerso: al Prof. Obermaier, en recuerdo de nuestra excursi\u00f3n a Holmenkollen. Oslo, agosto 1936. SantiagoAlcob\u00e9. (von H.O. \t\tgeschrieben: Oslo 1936, Dr. S. Alcob\u00e9)\t\t\t\t\tVerbleib: Archiv der Hugo Obermaier-Gesellschaft, Erlangen.  \"><\/a>\t<\/li>\t\t\t\t\t\n\t\t\t\t<li> \n\t\t\t\t\t<a rel=\"Photo Series\" href=\"\/photos\/photos1936\/ho_1936_02recto.jpg\">\n\t\t\t\t\t<img decoding=\"async\" src=\"\/photos\/photos1936\/ho_1936_02rectokl.jpg\" title=\"1936\" alt=\"\t\t\t\t\tRecto: Hugo Obermaier 1936 in Oslo auf einer Bank neben zwei Personen (Arne und Arne) sitzend.\t\t\t\t\tVerbleib: Archiv der Hugo Obermaier-Gesellschaft, Erlangen.  \"><\/a>\t<\/li>\n\t\t\t\t<li> \n\t\t\t\t\t<a rel=\"Photo Series\" href=\"\/photos\/photos1936\/ho_1936_02verso.jpg\">\n\t\t\t\t\t<img decoding=\"async\" src=\"\/photos\/photos1936\/ho_1936_02versokl.jpg\" title=\"1936\" alt=\"\t\t\t\t\tVerso: Affectueux Souvenir du congr\u00e8s d'Oslo. Maurice Reygasse.\t\t\t\t\tVerbleib: Archiv der Hugo Obermaier-Gesellschaft, Erlangen.\"><\/a>\t<\/li>\n\t\t\t\t<li> \n\t\t\t\t\t<a rel=\"Photo Series\" href=\"\/photos\/photos1936\/ho_1936_03recto.jpg\">\n\t\t\t\t\t<img decoding=\"async\" src=\"\/photos\/photos1936\/ho_1936_03rectokl.jpg\" title=\"1936\" alt=\"\t\t\t\t\tRecto: Hugo Obermaier, Juli 1936 in Ahrensburg.\t\t\t\t\tVerso: Ahrensburg, Juli 1936.\t\t\t\t\tVerbleib: Archiv der Hugo Obermaier-Gesellschaft, Erlangen. \"><\/a>\t<\/li>    \t\t\t\t\n\t\t\t\t<li> \n\t\t\t\t\t<a rel=\"Photo Series\" href=\"\/photos\/photos1936\/ho_1937_01recto.jpg\">\n\t\t\t\t\t<img decoding=\"async\" src=\"\/photos\/photos1936\/ho_1937_01rectokl.jpg\" title=\"1937\" alt=\"\t\t\t\t\tRecto: Hugo Obermaier im September 1937 in Veringenstadt (Baden-W\u00fcrttemberg).\t\t\t\t\tVerbleib: Archiv der Hugo Obermaier-Gesellschaft, Erlangen. \"><\/a>\t<\/li>    \t\t\t\t\n\t\t\t\t<li><\/li>\n\t\t\t\t<li> \n\t\t\t\t\t<a rel=\"Photo Series\" href=\"\/photos\/photos1936\/ho_1937_02recto.jpg\">\n\t\t\t\t\t<img decoding=\"async\" src=\"\/photos\/photos1936\/ho_1937_02rectokl.jpg\" title=\"1937\" alt=\"\t\t\t\t\tRecto: Hugo Obermaier im September 1937 in Veringenstadt (Baden-W\u00fcrttemberg).\t\t\t\t\tVerso: Veringenstadt (Hohenzollern), September 1937. Fotolabor: Claris Kremer, Sigmaringen.\t\t\t\t\tVerbleib: Archiv der Hugo Obermaier-Gesellschaft, Erlangen. \"><\/a>\t<\/li>\n\t\t\t\t<li> \n\t\t\t\t\t<a rel=\"Photo Series\" href=\"\/photos\/photos1936\/ho_1938_01recto.jpg\">\n\t\t\t\t\t<img decoding=\"async\" src=\"\/photos\/photos1936\/ho_1938_01rectokl.jpg\" title=\"1938\" alt=\"\t\t\t\t\tRecto: Hugo Obermaier 1938 in Romanelli (Italien).\t\t\t\t\tVerso: Romanelli 1938.\t\t\t\t\tVerbleib: Archiv der Hugo Obermaier-Gesellschaft, Erlangen. \"><\/a>\t<\/li>    \t\t\t\t\n\t\t\t\t<li> \n\t\t\t\t\t<a rel=\"Photo Series\" href=\"\/photos\/photos1936\/ho_1938_02recto.jpg\">\n\t\t\t\t\t<img decoding=\"async\" src=\"\/photos\/photos1936\/ho_1938_02rectokl.jpg\" title=\"1938\" alt=\"\t\t\t\t\tRecto: Hugo Obermaier 1938 in der Grotta Romanelli (Italien).\t\t\t\t\tVerso: Romanelli 1938.\t\t\t\t\tVerbleib: Archiv der Hugo Obermaier-Gesellschaft, Erlangen. \"><\/a>\t<\/li>\n\t\t\t\t<li><a rel=\"Photo Series\" href=\"\/photos\/photos1936\/ho_1938_03recto.jpg\"><img decoding=\"async\" src=\"\/photos\/photos1936\/ho_1938_03rectokl.jpg\" title=\"1938\" alt=\"\t\t\t\t\tRecto: Hugo Obermaier 1938 in der Grotta Romanelli (Italien).\t\t\t\t\tVerso: Romanelli 1938.\t\t\t\t\tVerbleib: Archiv der Hugo Obermaier-Gesellschaft, Erlangen. \"><\/a><\/li>                    \n\t\t\t\t<li> \n\t\t\t\t\t<a rel=\"Photo Series\" href=\"\/photos\/photos1936\/ho_1939_01recto.jpg\">\n\t\t\t\t\t<img decoding=\"async\" src=\"\/photos\/photos1936\/ho_1939_01rectokl.jpg\" title=\"1939\" alt=\"\t\t\t\t\tRecto: Hugo Obermaier und Henri Breuil in Abbeville am 18. August 1939\t\t\t\t\tVerbleib: Archiv der Hugo Obermaier-Gesellschaft, Erlangen.\"><\/a>\t<\/li>    \t\t\t\t\n\t\t\t\t<li> \n\t\t\t\t\t<a rel=\"Photo Series\" href=\"\/photos\/photos1936\/ho_1939_01verso.jpg\">\n\t\t\t\t\t<img decoding=\"async\" src=\"\/photos\/photos1936\/ho_1939_01versokl.jpg\" title=\"1939\" alt=\"\t\t\t\t\tVerso: Abbeville. 18.VIII. 39 (Obermaier \/ Breuil). Photo: Virginia Beggs, University-Museum. Philadelphia. P.A.\t\t\t\t\tVerbleib: Archiv der Hugo Obermaier-Gesellschaft, Erlangen.\"><\/a>\t<\/li>    \t\t\t\t\n\t\t\t\t<li> \n\t\t\t\t\t<a rel=\"Photo Series\" href=\"\/photos\/photos1936\/ho_1940_01recto.jpg\">\n\t\t\t\t\t<img decoding=\"async\" src=\"\/photos\/photos1936\/ho_1940_01rectokl.jpg\" title=\"1940\" alt=\"\t\t\t\t\tRecto: Hugo Obermaier am 26. M\u00e4rz 1940 vor der sp\u00e4tpal\u00e4olithischen Fundstelle am Wachtfelsen bei Grellingen (Schweiz).\t\t\t\t\tBeschriftung: Das Foto ist auf eine kleine Karte aufgeklebt mit der Beschriftung: Gansser \u2013 Obermaier \u2013 Tschumi.\t\t\t\t\tAm Wachtfelsen (Azilien bei Grellingen. 26. M\u00e4rz 1940). Foto: R. Laur-Belart, Basel.\t\t\t\t\tVerbleib: Archiv der Hugo Obermaier-Gesellschaft, Erlangen.\"><\/a>\t<\/li>\n\t\t\t\t<li> \n\t\t\t\t\t<a rel=\"Photo Series\" href=\"\/photos\/photos1936\/ho_1940_01verso.jpg\">\n\t\t\t\t\t<img decoding=\"async\" src=\"\/photos\/photos1936\/ho_1940_01versokl.jpg\" title=\"1940\" alt=\"\t\t\t\t\tVerbleib: Archiv der Hugo Obermaier-Gesellschaft, Erlangen. \"><\/a><\/li>                    \n\t\t\t\t<li><\/li>    \t\t\t\t\n\t\t\t<\/ul>             \n\t\t<\/div>\n\t<!--ende Inhalt-->\n\t<\/div>\n<\/div>\n\n<div id=\"aOverlay\" title=\"Click to Close\" style=\"opacity: 0;\"><\/div>\n<div id=\"aBox\" style=\"opacity: 0; left: 333px; top: 453.984px; display: none;\">\n<div id=\"aImgHolder\"><img id=\"aImg\" style=\"opacity: 0; visibility: hidden;\"><\/div>\n\n<div id=\"aBoxMeta\"><h1 id=\"aInfoTitle\"><\/h1><a id=\"aNextButton\" href=\"#next\" class=\"aButton\"><\/a><a id=\"aPrevButton\" href=\"#prev\" class=\"aButton\"><\/a><a id=\"aCloseButton\" href=\"\/english\/.\/\" class=\"aButton\"><\/a><p id=\"aCount\" style=\"opacity: 0;\"><\/p><p id=\"aInfo\"><\/p><\/div><\/div>\n<img decoding=\"async\" id=\"aLoadImg\" src=\"\/images\/aBox-loading.gif\" style=\"opacity: 0;\">","protected":false},"excerpt":{"rendered":"","protected":false},"author":1,"featured_media":0,"parent":0,"menu_order":0,"comment_status":"closed","ping_status":"closed","template":"","meta":{"footnotes":""},"class_list":["post-1375","page","type-page","status-publish","hentry"],"_links":{"self":[{"href":"https:\/\/obermaier-gesellschaft.de\/english\/wp-json\/wp\/v2\/pages\/1375","targetHints":{"allow":["GET"]}}],"collection":[{"href":"https:\/\/obermaier-gesellschaft.de\/english\/wp-json\/wp\/v2\/pages"}],"about":[{"href":"https:\/\/obermaier-gesellschaft.de\/english\/wp-json\/wp\/v2\/types\/page"}],"author":[{"embeddable":true,"href":"https:\/\/obermaier-gesellschaft.de\/english\/wp-json\/wp\/v2\/users\/1"}],"replies":[{"embeddable":true,"href":"https:\/\/obermaier-gesellschaft.de\/english\/wp-json\/wp\/v2\/comments?post=1375"}],"version-history":[{"count":4,"href":"https:\/\/obermaier-gesellschaft.de\/english\/wp-json\/wp\/v2\/pages\/1375\/revisions"}],"predecessor-version":[{"id":1495,"href":"https:\/\/obermaier-gesellschaft.de\/english\/wp-json\/wp\/v2\/pages\/1375\/revisions\/1495"}],"wp:attachment":[{"href":"https:\/\/obermaier-gesellschaft.de\/english\/wp-json\/wp\/v2\/media?parent=1375"}],"curies":[{"name":"wp","href":"https:\/\/api.w.org\/{rel}","templated":true}]}}