{"id":1358,"date":"2020-12-11T12:51:41","date_gmt":"2020-12-11T12:51:41","guid":{"rendered":"http:\/\/obermaier-gesellschaft.de\/?page_id=1358"},"modified":"2020-12-12T13:53:08","modified_gmt":"2020-12-12T13:53:08","slug":"hugo-obermaier-archiv-1921-1935","status":"publish","type":"page","link":"https:\/\/obermaier-gesellschaft.de\/english\/hugo-obermaier-archiv-1921-1935\/","title":{"rendered":"Hugo Obermaier-Archive (1921\u20131935)"},"content":{"rendered":"<div id=\"zentrierenff\">\n<div id=\"buehnearchiv\">         \n<div id=\"inhalt\">\n<ul id=\"photos\">\n\t<li> \n\t\t<a rel=\"Photo Series\" href=\"\/photos\/photos1921\/ho_1921_01recto.jpg\">\n\t\t<img decoding=\"async\" src=\"\/photos\/photos1921\/ho_1921_01rectokl.jpg\" title=\"1921\" alt=\"Recto: Gruppenfoto von der Er\u00f6ffnung der Exposici\u00f3n de Arte Prehist\u00f3rico, 25. Mai 1921. Rechts: Frau Bot\u00edn und Herr Aparicio.Verso: unbeschriftet.Verbleib: Archiv der Hugo Obermaier-Gesellschaft, Erlangen. \"><\/a>\n\t<\/li>\n\t<li>\n    \t<a rel=\"Photo Series\" href=\"\/photos\/photos1921\/ho_1923_01recto.jpg\">\n        <img decoding=\"async\" src=\"\/photos\/photos1921\/ho_1923_01rectokl.jpg\" title=\"1923\" alt=\"Recto: Foto von Hugo Obermaier im Dolmen de Soto 1923.Verso: Dolmen de Soto 1923: Obermaier \u2013 Herzog von Alba \u2013 Soto.Verbleib: Archiv der Hugo Obermaier-Gesellschaft, Erlangen. \"><\/a>\n\t<\/li>\t\t\t\t\t\n\t<li> \n\t\t<a rel=\"Photo Series\" href=\"\/photos\/photos1921\/ho_1924_01recto.jpg\">\n<img decoding=\"async\" src=\"\/photos\/photos1921\/ho_1924_01rectokl.jpg\" title=\"1924\" alt=\"Recto: Foto von Hugo Obermaier in Pamplona 1924.Verbleib: Archiv der Hugo Obermaier-Gesellschaft, Erlangen. \"><\/a>\n\t<\/li>\n\t<li> \n\t\t<a rel=\"Photo Series\" href=\"\/photos\/photos1921\/ho_1924_01verso.jpg\">\n\t\t<img decoding=\"async\" src=\"\/photos\/photos1921\/ho_1924_01versokl.jpg\" title=\"1924\" alt=\"Verso: Pamplona 15. Juli 1924. Pedro Mart\u00edn (del \u201cPensamiento Navarro\u201d)(Hilario Mazaron (La Tradicion Navarra = Mario \u00b7\u00b7coidi (Diario de Navarra))Verbleib: Archiv der Hugo Obermaier-Gesellschaft, Erlangen. \"><\/a>\n\t<\/li>\n\t<li> \n\t\t<a rel=\"Photo Series\" href=\"\/photos\/photos1921\/ho_1925_01recto.jpg\">\n\t\t<img decoding=\"async\" src=\"\/photos\/photos1921\/ho_1925_01rectokl.jpg\" title=\"1925\" alt=\"Recto: Gruppenfoto von 1925 vor Altamira beim Sieben von \t\t\tSedimenten.    Begleitzettel: Altamira 1925. Conde de la Vega del Sella (Oviedo), Henri Breuil (Paris), Compte B\u00e9gouen (Toulouse), Hugo ObermaierVerso: unbeschriftet.Verbleib: Archiv der Hugo Obermaier-Gesellschaft, Erlangen. \"><\/a>\n\t<\/li>    \t\t\t\t\n\t<li> \n\t\t<a rel=\"Photo Series\" href=\"\/photos\/photos1921\/ho_1926_01recto.jpg\">\n\t\t<img decoding=\"async\" src=\"\/photos\/photos1921\/ho_1926_01rectokl.jpg\" title=\"1926 ?\" alt=\"Recto: Hugo Obermaier in der Real Academia de la Historia zu Madrid. Das Bild entstand vermutlich anl\u00e4sslich der Sitzung der Real Academia de la Historia vom 2. Mai 1926 unter der Leitung des Herzog von Alba (Duque de Alba). Verso: unbeschriftet.Verbleib: Archiv der Hugo Obermaier-Gesellschaft, Erlangen. Reproduktion eines Photos aus der Familie seines Sch\u00fclers Antonia Garc\u00eda y Bellido. Vermittelt durch Michael Blech, DAI Madrid 23. 06. 1993. \"><\/a>\n\t<\/li>    \t\t\t\t\n\t<li> \n\t\t<a rel=\"Photo Series\" href=\"\/photos\/photos1921\/ho_1927_01recto.jpg\">\n\t\t<img decoding=\"async\" src=\"\/photos\/photos1921\/ho_1927_01rectokl.jpg\" title=\"1927\" alt=\"Recto: Portr\u00e4tfoto von Hugo Obermaier 1927. Beschriftet: Zur freundschaftlichen Erinnerung H. Obermaier. Madrid 1927 \u2013 1930.Verbleib: Archiv der Hugo Obermaier-Gesellschaft, Erlangen. \"><\/a>\n\t<\/li>\n\t<li> \n\t\t<a rel=\"Photo Series\" href=\"\/photos\/photos1921\/ho_1927_01verso.jpg\">\n\t\t<img decoding=\"async\" src=\"\/photos\/photos1921\/ho_1927_01versokl.jpg\" title=\"1927\" alt=\"Verso: Herrn Prof. Zotz zur Vollendung des 65. Lebensjahres ein Bild seines Lehrers von seinem Sch\u00fcler. F\u00f6disch \u2013 M\u00fcnchen, 6. 12. 1964.Verbleib: Archiv der Hugo Obermaier-Gesellschaft, Erlangen. \"><\/a>\n\t<\/li>\n\t<li> \n\t\t<a rel=\"Photo Series\" href=\"\/photos\/photos1921\/ho_1928_01recto.jpg\">\n\t\t<img decoding=\"async\" src=\"\/photos\/photos1921\/ho_1928_01rectokl.jpg\" title=\"1928\" alt=\"Recto: Hugo Obermaier am Eingang der Cueva de Estalactitas bei Altamira zusammen mit Erzherzogin Margarita de Austria y Borb\u00f3n und einer weiteren Person.Verso: 1928.Verbleib: Archiv der Hugo Obermaier-Gesellschaft, Erlangen. \"><\/a>\n\t<\/li>    \t\t\t\t\n\t<li> \n\t\t<a rel=\"Photo Series\" href=\"\/photos\/photos1921\/ho_1928_02recto.jpg\">\n\t\t<img decoding=\"async\" src=\"\/photos\/photos1921\/ho_1928_02rectokl.jpg\" title=\"1928\" alt=\"Recto: Gruppenfoto am Eingang der Cueva de Estalactitas bei Altamira. Personen: Hugo Obermaier, Alberto Corral (Ingenieur), Mateo Escagedo (Prister von Santillana del Mar), Margarita de Austria, Guardia Civil, Fahrer des Alberto Corral,Verbleib: Archiv der Hugo Obermaier-Gesellschaft, Erlangen. \"><\/a>\n\t<\/li>\n\t<li> \n\t\t<a rel=\"Photo Series\" href=\"\/photos\/photos1921\/ho_1928_02verso.jpg\">\n\t\t<img decoding=\"async\" src=\"\/photos\/photos1921\/ho_1928_02versokl.jpg\" title=\"1928\" alt=\"Wohnhaus und Ausstellungsgeb\u00e4ude f\u00fcr die Ausgrabungsfunde aus Altamira, errichtet 1924, B\u00e4ume am Eingang von AltamiraVerso: unbeschriftet.Verbleib: Archiv der Hugo Obermaier-Gesellschaft, Erlangen. \"><\/a>\n\t<\/li>                    \n\t<li> \n\t\t<a rel=\"Photo Series\" href=\"\/photos\/photos1921\/ho_1928_03recto.jpg\">\n\t\t<img decoding=\"async\" src=\"\/photos\/photos1921\/ho_1928_03rectokl.jpg\" title=\"1928\" alt=\"Recto: Hugo Obermaier beim Verlassen der Cueva de Estalactitas bei Altamira. Verso: unbeschriftet.Verbleib: Archiv der Hugo Obermaier-Gesellschaft, Erlangen.\"><\/a>\n\t<\/li>    \t\t\t\t\n\t<li> \n\t\t<a rel=\"Photo Series\" href=\"\/photos\/photos1921\/ho_1930_01recto.jpg\">\n\t\t<img decoding=\"async\" src=\"\/photos\/photos1921\/ho_1930_01rectokl.jpg\" title=\"1930\" alt=\"Recto: Hugo Obermaier in Djemila (Algerien).Verso: Algerien (Djemila). Photo: Prof. Unverzagt\/Berlin.Verbleib: Archiv der Hugo Obermaier-Gesellschaft, Erlangen. \"><\/a>\n\t<\/li>    \t\t\t\t\n\t<li> \n\t\t<a rel=\"Photo Series\" href=\"\/photos\/photos1921\/ho_1930_02recto.jpg\">\n\t\t<img decoding=\"async\" src=\"\/photos\/photos1921\/ho_1930_02rectokl.jpg\" title=\"1930\" alt=\"Recto: Portrait von Hugo Obermaier.Verbleib: Archiv der Hugo Obermaier-Gesellschaft, Erlangen.\"><\/a>\n\t<\/li>\n\t<li> \n\t\t<a rel=\"Photo Series\" href=\"\/photos\/photos1921\/ho_1930_02verso.jpg\">\n\t\t<img decoding=\"async\" src=\"\/photos\/photos1921\/ho_1930_02versokl.jpg\" title=\"1930\" alt=\"Verso: Residencia de Estudiantes. Madrid 1930. \u2013 1930 \u2013 Verbleib: Archiv der Hugo Obermaier-Gesellschaft, Erlangen. \"><\/a>\n<\/li>                    \n\t<li> \n\t\t<a rel=\"Photo Series\" href=\"\/photos\/photos1921\/ho_1931_01recto.jpg\">\n\t\t<img decoding=\"async\" src=\"\/photos\/photos1921\/ho_1931_01rectokl.jpg\" title=\"1931\" alt=\"Recto: Hugo Obermaier vor Karteik\u00e4sten sitzend.Verso: Br\u00fcnn 1931.Verbleib: Archiv der Hugo Obermaier-Gesellschaft, Erlangen. \"><\/a>\n\t<\/li>    \t\t\t\t\n\t<li> \n\t\t<a rel=\"Photo Series\" href=\"\/photos\/photos1921\/ho_1931_02recto.jpg\">\n\t\t<img decoding=\"async\" src=\"\/photos\/photos1921\/ho_1931_02rectokl.jpg\" title=\"1931 ?\" alt=\"Recto: Portrait von Hugo Obermaier. Das Photo ist undatiert, scheint aber in Br\u00fcnn 1931 aufgenommen worden zu sein. Verso: unbeschriftet.Verbleib: Archiv der Hugo Obermaier-Gesellschaft, Erlangen.  \"><\/a>\n\t<\/li>    \t\t\t\t\n\t<li> \n\t\t<a rel=\"Photo Series\" href=\"\/photos\/photos1921\/ho_1931_03recto.jpg\">\n\t\t<img decoding=\"async\" src=\"\/photos\/photos1921\/ho_1931_03rectokl.jpg\" title=\"1931\" alt=\"Recto: Hugo Obermaier und der Br\u00fcnner Pal\u00e4ontologe A. Stehlik in der Br\u00fcnner Ausstellung Anthropos 1931.    Verso: unbeschriftet.Verbleib: Archiv der Hugo Obermaier-Gesellschaft, Erlangen. Nach: Quart\u00e4r 14, 1962\/1963, 133-136, Taf. XI. \t\"><\/a>\n\t<\/li>    \t\t\t\t\n\t<li> \n\t\t<a rel=\"Photo Series\" href=\"\/photos\/photos1921\/ho_1932_01recto.jpg\">\n\t\t<img decoding=\"async\" src=\"\/photos\/photos1921\/ho_1932_01rectokl.jpg\" title=\"1932\" alt=\"Recto: Hugo Obermaier in Madrid. Hugo Obermaier, April 1932 zusammen mit Antonio Garc\u00eda y Bellido. Nach einem Dia. Aus dem Besitz der Familie von A. Garc\u00eda y Bellido.Verso: unbeschriftet.Verbleib: Archiv der Hugo Obermaier-Gesellschaft, Erlangen. Geschenk des Deutschen Arch\u00e4ologischen Instituts in Madrid am 5. Juni 1993 durch Vermittlung von Prof. Dr. H. Schubart. \t\"><\/a>\n\t<\/li>    \t\t\t\t\n<\/ul>             \n      \n     \n\t\t\n  <\/div><!--ende Inhalt-->\n<\/div><!--ende buehne-->\n<\/div><!--ende zentrieren-->\n\n\n<div id=\"aOverlay\" title=\"Click to Close\" style=\"opacity: 0;\"><\/div>\n<div id=\"aBox\" style=\"opacity: 0; left: 333px; top: 453.984px; display: none;\">\n<div id=\"aImgHolder\"><img id=\"aImg\" style=\"opacity: 0; visibility: hidden;\"><\/div>\n\n<div id=\"aBoxMeta\"><h1 id=\"aInfoTitle\"><\/h1><a id=\"aNextButton\" href=\"#next\" class=\"aButton\"><\/a><a id=\"aPrevButton\" href=\"#prev\" class=\"aButton\"><\/a><a id=\"aCloseButton\" href=\"\/english\/.\/\" class=\"aButton\"><\/a><p id=\"aCount\" style=\"opacity: 0;\"><\/p><p id=\"aInfo\"><\/p><\/div><\/div>\n<img decoding=\"async\" id=\"aLoadImg\" src=\"\/images\/aBox-loading.gif\" style=\"opacity: 0;\">","protected":false},"excerpt":{"rendered":"","protected":false},"author":1,"featured_media":0,"parent":0,"menu_order":0,"comment_status":"closed","ping_status":"closed","template":"","meta":{"footnotes":""},"class_list":["post-1358","page","type-page","status-publish","hentry"],"_links":{"self":[{"href":"https:\/\/obermaier-gesellschaft.de\/english\/wp-json\/wp\/v2\/pages\/1358","targetHints":{"allow":["GET"]}}],"collection":[{"href":"https:\/\/obermaier-gesellschaft.de\/english\/wp-json\/wp\/v2\/pages"}],"about":[{"href":"https:\/\/obermaier-gesellschaft.de\/english\/wp-json\/wp\/v2\/types\/page"}],"author":[{"embeddable":true,"href":"https:\/\/obermaier-gesellschaft.de\/english\/wp-json\/wp\/v2\/users\/1"}],"replies":[{"embeddable":true,"href":"https:\/\/obermaier-gesellschaft.de\/english\/wp-json\/wp\/v2\/comments?post=1358"}],"version-history":[{"count":5,"href":"https:\/\/obermaier-gesellschaft.de\/english\/wp-json\/wp\/v2\/pages\/1358\/revisions"}],"predecessor-version":[{"id":1494,"href":"https:\/\/obermaier-gesellschaft.de\/english\/wp-json\/wp\/v2\/pages\/1358\/revisions\/1494"}],"wp:attachment":[{"href":"https:\/\/obermaier-gesellschaft.de\/english\/wp-json\/wp\/v2\/media?parent=1358"}],"curies":[{"name":"wp","href":"https:\/\/api.w.org\/{rel}","templated":true}]}}