{"id":1353,"date":"2020-12-11T14:25:13","date_gmt":"2020-12-11T14:25:13","guid":{"rendered":"http:\/\/obermaier-gesellschaft.de\/?page_id=1353"},"modified":"2020-12-12T13:46:07","modified_gmt":"2020-12-12T13:46:07","slug":"hugo-obermaier-archiv-1877-1920","status":"publish","type":"page","link":"https:\/\/obermaier-gesellschaft.de\/english\/hugo-obermaier-archiv-1877-1920\/","title":{"rendered":"Hugo Obermaier-Archive (1877\u20131920)"},"content":{"rendered":"<div id=\"zentrierenff\">\n  \t\n    <div id=\"buehnehightres\">                    \n\t\t<div id=\"inhalt\">\n\t\t\t<ul id=\"photos\">\n\t\t\t\t\t\n\t\t\t\t<li> \n\t\t\t\t<a rel=\"Photo Series\" href=\"\/photos\/photos1877\/ho-1909_001recto.jpg\">\n\t\t\t\t<img decoding=\"async\" src=\"\/photos\/photos1877\/ho-1909_001rekl.jpg\" title=\"1909 (?)\" alt=\"Recto: Foto ohne Orts- und Jahresangabe. Sommer 1909? Das Bild k\u00f6nnte auch September oder Oktober 1912 entstanden sein, w\u00e4hrend sich H.O. im Altm\u00fchltal aufgehalten hat. Verbleib: Archiv der Naturhistorischen Gesellschaft N\u00fcrnberg - Abteilung Vorgeschichte. Zur Verf\u00fcgung gestellt von Norbert Graf, NHG N\u00fcrnberg (17.02.2001).\"><\/a><\/li>\n\t\t\t\t<li> \n\t\t\t\t<a rel=\"Photo Series\" href=\"\/photos\/photos1877\/ho-1909_001verso.jpg\">\n\t\t\t\t<img decoding=\"async\" src=\"\/photos\/photos1877\/ho-1909_001versokl.jpg\" title=\"1909 (?)\" alt=\"Verso: Aufschrift, jedoch wohl nicht zutreffend: Birkner, Fraunholz ?, Federl ?, F\u00f6rster ?. Verbleib: Archiv der Naturhistorischen Gesellschaft N\u00fcrnberg - Abteilung Vorgeschichte. Zur Verf\u00fcgung gestellt von Norbert Graf, NHG N\u00fcrnberg (17.02.2001).\"><\/a><\/li>\n\t\t\t\t<li> \n\t\t\t\t<a href=\"\/photos\/photos1877\/ho-1909_004recto.jpg\">\n\t\t\t\t<img decoding=\"async\" src=\"\/photos\/photos1877\/ho-1909_004rectokl.jpg\" title=\"1909 (?)\" alt=\"Recto: Hugo Obermaier im Altm\u00fchltal bei Neuessing, vielleicht auf dem Weg zur Kastlh\u00e4ng-H\u00f6hle, zusammen mit Ferdinand Birkner (links), sowie einer Dame und einem Herren, der auch auf dem Foto im Archiv der Naturhistorischen Gesellschaft auftaucht. Das Bild k\u00f6nnte auch September oder Oktober 1912 entstanden sein, w\u00e4hrend sich H.O. im Altm\u00fchltal aufgehalten hat.Verbleib: Archiv der Hugo Obermaier-Gesellschaft, Erlangen. \"><\/a><\/li> \n\t\t\t\t<li><a rel=\"Photo Series\" href=\"\/photos\/photos1877\/ho-1909_002recto.jpg\"><img decoding=\"async\" src=\"\/photos\/photos1877\/ho-1909_002rectokl.jpg\" title=\"1909\" alt=\"Recto: Hugo Obermaier, Henry Breuil und Hermilio Alcalde del Rio in Nordspanien. Foto f\u00fcr ein Kilometerheft der spanischen Eisenbahn.\t\t\t\tQuelle: Ed. Ripoll Perell\u00f3 1964: Vida y obra del Abate Henri Breuil, padre de la prehistoria. In: Miscel\u00e1nea en homenaje al abate Henri Breuil (1877-1961), Barcelona, S. 1-69, Taf. V,1.\t\t\t\tText: La convencional fotograf\u00eda para un kilom\u00e9trico de ferrocariles re\u00fane a Obermaier, Breuil y Alcalde del R\u00edo, en 1909. \"><\/a><\/li>\n\t\t\t\t<li><a rel=\"Photo Series\" href=\"\/photos\/photos1877\/ho-1909_003recto.jpg\"><img decoding=\"async\" src=\"\/photos\/photos1877\/ho-1909_003rectokl.jpg\" title=\"1909\" alt=\"Recto: Spanien 1909: Vor dem Eingang der H\u00f6hle von Castillo.\t\t\t\tIm Nachdruck des El Hombre F\u00f3sil von 1985, S. 07 findet sich dazu folgende Angabe: 23. Juli 1909: S. A. Albert I. von Monaco (rechts sitzend) lauscht den Erkl\u00e4rungen des Abb\u00e9 Henri Breuil (in Soutane links) und des Anthropologen Marcelin Boule (mit Kappe); dazwischen Hugo Obermaier und rechts mit dem Hut in der Hand Hermilio Alcalde del R\u00edo.\t\t\t\tVerbleib: Archiv der Hugo Obermaier-Gesellschaft, Erlangen. \"><\/a><\/li>\n\t\t\t\t<li><a rel=\"Photo Series\" href=\"\/photos\/photos1877\/ho-1911_001recto.jpg\"><img decoding=\"async\" src=\"\/photos\/photos1877\/ho-1911_001rectokl.jpg\" title=\"1911\" alt=\"Recto: Foto vom 11. April 1911. Hugo Obermaier in Torrelavega mit Henri Breuil, Emile Cartailhac, Marcelin Boule, Hermilio Alcalde del R\u00edo und dessen Tochter Clotilde.\t\t\t\tVerbleib: Archiv der Hugo Obermaier-Gesellschaft, Erlangen.  \"><\/a><\/li>\n\t\t\t\t<li><a rel=\"Photo Series\" href=\"\/photos\/photos1877\/ho-1912_001recto.jpg\"><img decoding=\"async\" src=\"\/photos\/photos1877\/ho-1912_001rectokl.jpg\" title=\"1912\" alt=\"Recto: Foto vom Februar 1912: Hugo Obermaier in Le Bouscat (Bordeaux) mit Gustav Lalanne und Henri Breuil.\t\t\t\tVerbleib: Archiv der Hugo Obermaier-Gesellschaft, Erlangen.  \"><\/a><\/li>\n\t\t\t\t<li><a rel=\"Photo Series\" href=\"\/photos\/photos1877\/ho-1912_001verso.jpg\"><img decoding=\"async\" src=\"\/photos\/photos1877\/ho-1912_001versokl.jpg\" title=\"1912\" alt=\"Verso: Beschriftet von H.O.: Le Buscat (Bordeaux) F\u00e9vrier 1912. H. O. - Dr. G. Lalanne; - H. Breuil\t\t\t\tVerbleib: Archiv der Hugo Obermaier-Gesellschaft, Erlangen.  \"><\/a><\/li>\n\t\t\t\t<li> \n\t\t\t\t<a rel=\"Photo Series\" href=\"\/photos\/photos1877\/ho-1912_002recto.jpg\">\n\t\t\t\t<img decoding=\"async\" src=\"\/photos\/photos1877\/ho-1912_002rectokl.jpg\" title=\"1912\" alt=\"Recto: Foto vom M\u00e4rz 1912: Beschriftet von H.O.: Mars 1912 - Luis Siret. Cuevas de Veras (Almeria). 1912. - Cabr\u00e9, N., Serrano, Breuil, Siret, H.O., N. Laut Mitteilung von A. Moure Romanillo (1996) wurde das Bild am Eingang von Altamira aufgenommen.\t\t\t\tVerbleib: Archiv der Hugo Obermaier-Gesellschaft, Erlangen. \"><\/a><\/li>  \n\t\t\t\t<li> \n\t\t\t\t<a rel=\"Photo Series\" href=\"\/photos\/photos1877\/ho-1913_001recto.jpg\">\n\t\t\t\t<img decoding=\"async\" src=\"\/photos\/photos1877\/ho-1913_001rectokl.jpg\" title=\"1913\" alt=\"Recto: Ende April bis Ende Juli 1913: Gruppenfoto w\u00e4hrend der Ausgrabung in El Castillo.\t\t\t\tIm Nachdruck des El Hombre F\u00f3sil (1985, S. 026) wird angegeben von links nach rechts:\t\t\t\tNils C. Nelson, Paul Wernert, Hugo Obermaier, Miles C. Burkitt, Pierre Teilhard de Chardin.\t\t\t\tVerbleib: Archiv der Hugo Obermaier-Gesellschaft, Erlangen.\"><\/a><\/li>\n\t\t\t\t<li> \n\t\t\t\t<a rel=\"Photo Series\" href=\"\/photos\/photos1877\/ho-1913_002recto.jpg\">\n\t\t\t\t<img decoding=\"async\" src=\"\/photos\/photos1877\/ho-1913_002rectokl.jpg\" title=\"1913\" alt=\"Recto: Ende April bis Ende Juli 1913: Gruppenfoto w\u00e4hrend der Ausgabung in El Castillo. Hugo Obermaier und Paul Wernert umgeben von der Grabungsmannschaft.\t\t\t\tVerbleib: Archiv der Hugo Obermaier-Gesellschaft, Erlangen.  \"><\/a><\/li>\n\t\t\t\t<li> \n\t\t\t\t<a rel=\"Photo Series\" href=\"\/photos\/photos1877\/ho-1913_003recto.jpg\">\n\t\t\t\t<img decoding=\"async\" src=\"\/photos\/photos1877\/ho-1913_003rectokl.jpg\" title=\"1913\" alt=\"Recto: Ende April bis Ende Juli 1913: Gruppenfoto in El Castillo.\t\t\t\tVon links nach rechts: Nels C. Nelson, Henri Breuil, Hugo Obermaier, Paul Wernert, verdeckt durch Pierre Teilhard de Chardin.\t\t\t\tQuelle: R. Vaufrey 1962: N\u00e9crologie - L'Abb\u00e9 Henri Breuil. L'Anthropologie 66, 1962, 158-165. Fig. 1.\"><\/a><\/li>\n\t\t\t\t<li> \n\t\t\t\t<a rel=\"Photo Series\" href=\"\/photos\/photos1877\/ho-1914_001recto.jpg\">\n\t\t\t\t<img decoding=\"async\" src=\"\/photos\/photos1877\/ho-1914_001rectokl.jpg\" title=\"1914\" alt=\"Recto: M\u00e4rz bis Juni 1914: Hugo Obermaier, Ferdinand Birkner und Paul Wernert in El Castillo.\t\t\t\tVerbleib: Archiv der Hugo Obermaier-Gesellschaft, Erlangen.  \"><\/a><\/li>\n\t\t\t\t<li><a rel=\"Photo Series\" href=\"\/photos\/photos1877\/ho-1914_002recto.jpg\"><img decoding=\"async\" src=\"\/photos\/photos1877\/ho-1914_002rectokl.jpg\" title=\"1914\" alt=\"Recto: M\u00e4rz bis Juni 1914: Hugo Obermaier, Ferdinand Birkner und Paul Wernert in El Castillo.\t\t\t\tVerbleib: Naturhistorische Gesellschaft N\u00fcrnberg - Abteilung Vorgeschichte - Handschriftlicher Vermerk: Fundakte Fraunholz und: An Fraunholz. Zur Verf\u00fcgung gestellt von Norbert Graf, NHG N\u00fcrnberg (17. 02. 2001). \"><\/a><\/li>\n\t\t\t\t<li><a rel=\"Photo Series\" href=\"\/photos\/photos1877\/ho-1914_002verso.jpg\"><img decoding=\"async\" src=\"\/photos\/photos1877\/ho-1914_002versokl.jpg\" title=\"1914\" alt=\"Verso: Carte Postale: Handschrift Ferdinand Birkner (?): Herzliche Gr\u00fc\u00dfe aus Puente Viesgo.\t\t\t\tVerbleib: Naturhistorische Gesellschaft N\u00fcrnberg - Abteilung Vorgeschichte - Handschriftlicher Vermerk: Fundakte Fraunholz und: An Fraunholz. Zur Verf\u00fcgung gestellt von Norbert Graf, NHG N\u00fcrnberg (17. 02. 2001).  \"><\/a><\/li>\n\t\t\t\t<li> \n\t\t\t\t<a rel=\"Photo Series\" href=\"\/photos\/photos1877\/ho-1914_003recto.jpg\">\n\t\t\t\t<img decoding=\"async\" src=\"\/photos\/photos1877\/ho-1914_003rectokl.jpg\" title=\"1914\" alt=\"Recto: August 1914: Beschriftet von H.O.: Meinem lieben Paul Wernert. Letzte Friedenstage in Puente Viesgo. Aug. 1914! H. Obermaier. Das Bild zeigt Hugo Obermaier und Paul Wernert. Der Fotograph ist unbekannt. Nach Michel Ruhland (Strasbourg 11.04.2000) wurde das Bild am 1. oder 2. August 1914 in Puente Viesgo aufgenommen.\t\t\t\tVerbleib: Archiv des Geologischen Instituts in Strasbourg (Frankreich) - Nachlass Paul Wernert. Als Kopie zur Verf\u00fcgung gestellt von Prof. Michel Ruhland, Strasbourg am 11.04.2000. \"><\/a><\/li>\n\t\t\t\t<li> \n\t\t\t\t<a rel=\"Photo Series\" href=\"\/photos\/photos1877\/ho-1914_004recto.jpg\">\n\t\t\t\t<img decoding=\"async\" src=\"\/photos\/photos1877\/ho-1914_004rectokl.jpg\" title=\"1913\" alt=\"Recto: Hugo Obermaier 1914 bei der H\u00f6hle El Pindal (Asturias).\t\t\t\tVerbleib: Archiv der Hugo Obermaier-Gesellschaft, Erlangen.  \"><\/a><\/li>\n\t\t\t\t<li> \n\t\t\t\t<a rel=\"Photo Series\" href=\"\/photos\/photos1877\/ho-1916_001recto.jpg\">\n\t\t\t\t<img decoding=\"async\" src=\"\/photos\/photos1877\/ho-1916_001rectokl.jpg\" title=\"1916\" alt=\"Recto: Hugo Obermaier 1916 in Nueva de Llanes mit Don Ricardo de Estrada Conde de la Vega del Sella (1870-1941) und General Ricardo Burguete y Lana (1871-1937) und zwei weiteren Herren links.\t\t\t\tIn El Hombre F\u00f3sil (1985, S. 026) findet sich f\u00fcr die rechte H\u00e4lfte des Bildes die Angabe: Don Ricardo de Estrada Conde de la Vega del Sella mit Hugo Obermaier in Nueva de Llanes (1917).\t\t\t\tVerbleib: Archiv der Hugo Obermaier-Gesellschaft, Erlangen.  \"><\/a><\/li>\n\t\t\t\t<li> \n\t\t\t\t<a rel=\"Photo Series\" href=\"\/photos\/photos1877\/ho-1919_001recto.jpg\">\n\t\t\t\t<img decoding=\"async\" src=\"\/photos\/photos1877\/ho-1919_001rectokl.jpg\" title=\"1919\" alt=\"Recto: Hugo Obermaier 1919. Foto auf einer Gru\u00dfpostkarte von Henry Field aus dem Jahr 1926.\t\t\t\tVerbleib: Archiv der Hugo Obermaier-Gesellschaft, Erlangen. \"><\/a><\/li>\n\t\t\t\t<li> \n\t\t\t\t<a rel=\"Photo Series\" href=\"\/photos\/photos1877\/ho-1919_001verso.jpg\">\n\t\t\t\t<img decoding=\"async\" src=\"\/photos\/photos1877\/ho-1919_001versokl.jpg\" title=\"1919\" alt=\"Verso: With Best Wishes for a Merry Chrismas and a Happy New Year. Christmas-1926. Henry Field.\t\t\t\tVerbleib: Archiv der Hugo Obermaier-Gesellschaft, Erlangen. \"><\/a><\/li>\n\t\t\t\t<li> \n\t\t\t\t<a rel=\"Photo Series\" href=\"\/photos\/photos1877\/ho-1914.jpg\">\n\t\t\t\t<img decoding=\"async\" src=\"\/photos\/photos1877\/ho-1914kl.jpg\" title=\"1914\" alt=\"Excavation at El Castillo, 1914. First row on the right: H. Obermaier with Paul Wernert (with sunglasses) sitting left of him. Second row, second person on the left: Alejandro Mena Garay (with courtesy of Alejandro Mena Campuzano).\"><\/a><\/li>\n\t\t\t\t<li> \n\t\t\t\t<a rel=\"Photo Series\" href=\"\/photos\/photos1877\/ho-191314.jpg\">\n\t\t\t\t<img decoding=\"async\" src=\"\/photos\/photos1877\/ho-191314kl.jpg\" title=\"1919\" alt=\"Excavation at El Castillo, probably 1913-1914. First row from left to right: Alejandro Mena Garay,  Paul Wernert,  Hugo Obermaier (with courtesy of Alejandro Mena Campuzano).\"><\/a><\/li>\n\t\t\t<\/ul>\t\n\t\t<\/div>\n\t<\/div>\n<\/div>\n<div id=\"aOverlay\" title=\"Click to Close\" style=\"opacity: 0;\"><\/div>\n<div id=\"aBox\" style=\"opacity: 0; left: 333px; top: 453.984px; display: none;\">\n<div id=\"aImgHolder\"><img id=\"aImg\" style=\"opacity: 0; visibility: hidden;\"><\/div>\n\n<div id=\"aBoxMeta\"><h1 id=\"aInfoTitle\"><\/h1><a id=\"aNextButton\" href=\"#next\" class=\"aButton\"><\/a><a id=\"aPrevButton\" href=\"#prev\" class=\"aButton\"><\/a><a id=\"aCloseButton\" href=\"\/english\/.\/\" class=\"aButton\"><\/a><p id=\"aCount\" style=\"opacity: 0;\"><\/p><p id=\"aInfo\"><\/p><\/div><\/div>\n<img decoding=\"async\" id=\"aLoadImg\" src=\"\/images\/aBox-loading.gif\" style=\"opacity: 0;\">","protected":false},"excerpt":{"rendered":"","protected":false},"author":1,"featured_media":0,"parent":0,"menu_order":0,"comment_status":"closed","ping_status":"closed","template":"","meta":{"footnotes":""},"class_list":["post-1353","page","type-page","status-publish","hentry"],"_links":{"self":[{"href":"https:\/\/obermaier-gesellschaft.de\/english\/wp-json\/wp\/v2\/pages\/1353","targetHints":{"allow":["GET"]}}],"collection":[{"href":"https:\/\/obermaier-gesellschaft.de\/english\/wp-json\/wp\/v2\/pages"}],"about":[{"href":"https:\/\/obermaier-gesellschaft.de\/english\/wp-json\/wp\/v2\/types\/page"}],"author":[{"embeddable":true,"href":"https:\/\/obermaier-gesellschaft.de\/english\/wp-json\/wp\/v2\/users\/1"}],"replies":[{"embeddable":true,"href":"https:\/\/obermaier-gesellschaft.de\/english\/wp-json\/wp\/v2\/comments?post=1353"}],"version-history":[{"count":25,"href":"https:\/\/obermaier-gesellschaft.de\/english\/wp-json\/wp\/v2\/pages\/1353\/revisions"}],"predecessor-version":[{"id":1539,"href":"https:\/\/obermaier-gesellschaft.de\/english\/wp-json\/wp\/v2\/pages\/1353\/revisions\/1539"}],"wp:attachment":[{"href":"https:\/\/obermaier-gesellschaft.de\/english\/wp-json\/wp\/v2\/media?parent=1353"}],"curies":[{"name":"wp","href":"https:\/\/api.w.org\/{rel}","templated":true}]}}